{"id":1445,"date":"2019-02-18T20:36:37","date_gmt":"2019-02-18T20:36:37","guid":{"rendered":"https:\/\/sbstesa.org\/servicios\/"},"modified":"2023-07-17T19:12:07","modified_gmt":"2023-07-17T19:12:07","slug":"servicios","status":"publish","type":"page","link":"https:\/\/sbstesa.org\/es\/servicios\/","title":{"rendered":"Servicios"},"content":{"rendered":"<div id='responding'  class='avia-section av-2pmfxh-410cffff86dd6ffb3245dd26de10fabe main_color avia-section-default avia-no-shadow  avia-builder-el-0  el_before_av_section  avia-builder-el-first  avia-bg-style-scroll container_wrap sidebar_right'  ><div class='container av-section-cont-open' ><main  class='template-page content  av-content-small alpha units'><div class='post-entry post-entry-type-page post-entry-1445'><div class='entry-content-wrapper clearfix'>\n<section  class='av_textblock_section av-2lox0t-98bf4a0d82bc4e7de9120077131d9cca '  ><div class='avia_textblock' ><h1 id=\"counseling-service\" class=\"av-special-heading-tag\" style=\"text-align: center;\">RESPUESTA AL ABUSO SEXUAL<\/h1>\n<\/div><\/section>\n\n<style type=\"text\/css\" data-created_by=\"avia_inline_auto\" id=\"style-css-av-2cx8tp-09318dc2e5ee8665f8b4a9925646bb8f\">\n.flex_column.av-2cx8tp-09318dc2e5ee8665f8b4a9925646bb8f{\n-webkit-border-radius:0px 0px 0px 0px;\n-moz-border-radius:0px 0px 0px 0px;\nborder-radius:0px 0px 0px 0px;\npadding:0px 0px 0px 0px;\n}\n<\/style>\n<div  class='flex_column av-2cx8tp-09318dc2e5ee8665f8b4a9925646bb8f av_two_fifth  avia-builder-el-2  el_after_av_textblock  el_before_av_three_fifth  leftside_image_1 first flex_column_div av-zero-column-padding  column-top-margin'     ><style type=\"text\/css\" data-created_by=\"avia_inline_auto\" id=\"style-css-av-88wwt-41e091d80f7fc8c9c17880282bf110d9\">\n.avia-image-container.av-88wwt-41e091d80f7fc8c9c17880282bf110d9 img.avia_image{\nbox-shadow:none;\n}\n.avia-image-container.av-88wwt-41e091d80f7fc8c9c17880282bf110d9 .av-image-caption-overlay-center{\ncolor:#ffffff;\n}\n<\/style>\n<div  class='avia-image-container av-88wwt-41e091d80f7fc8c9c17880282bf110d9 av-styling- avia-align-center  avia-builder-el-3  avia-builder-el-no-sibling '  ><div class=\"avia-image-container-inner\"><div class=\"avia-image-overlay-wrap\"><img decoding=\"async\" class='wp-image-1368 avia-img-lazy-loading-not-1368 avia_image ' src=\"https:\/\/sbstesa.org\/wp-content\/uploads\/2018\/04\/Counsling-2.jpg\" alt='' title='Counsling -2'  height=\"514\" width=\"769\" srcset=\"https:\/\/sbstesa.org\/wp-content\/uploads\/2018\/04\/Counsling-2.jpg 769w, https:\/\/sbstesa.org\/wp-content\/uploads\/2018\/04\/Counsling-2-300x201.jpg 300w, https:\/\/sbstesa.org\/wp-content\/uploads\/2018\/04\/Counsling-2-768x513.jpg 768w, https:\/\/sbstesa.org\/wp-content\/uploads\/2018\/04\/Counsling-2-705x471.jpg 705w, https:\/\/sbstesa.org\/wp-content\/uploads\/2018\/04\/Counsling-2-450x301.jpg 450w\" sizes=\"(max-width: 769px) 100vw, 769px\" \/><\/div><\/div><\/div><\/div>\n<style type=\"text\/css\" data-created_by=\"avia_inline_auto\" id=\"style-css-av-21g4wt-06b669415d8fb326e03473e7e81524d0\">\n.flex_column.av-21g4wt-06b669415d8fb326e03473e7e81524d0{\n-webkit-border-radius:0px 0px 0px 0px;\n-moz-border-radius:0px 0px 0px 0px;\nborder-radius:0px 0px 0px 0px;\npadding:0px 0px 0px 0px;\n}\n<\/style>\n<div  class='flex_column av-21g4wt-06b669415d8fb326e03473e7e81524d0 av_three_fifth  avia-builder-el-4  el_after_av_two_fifth  avia-builder-el-last  border-section flex_column_div av-zero-column-padding  column-top-margin'     ><style type=\"text\/css\" data-created_by=\"avia_inline_auto\" id=\"style-css-av-1upsdh-a3628a66cd2f015ef6052647777d1fee\">\n#top .av_textblock_section.av-1upsdh-a3628a66cd2f015ef6052647777d1fee .avia_textblock{\ncolor:#000000;\n}\n<\/style>\n<section  class='av_textblock_section av-1upsdh-a3628a66cd2f015ef6052647777d1fee '  ><div class='avia_textblock av_inherit_color' ><h3>Consejer\u00eda<\/h3>\n<p><strong>L\u00ednea de apoyo las 24 horas:<\/strong> siempre hay consejeros capacitados disponibles para ofrecer consejer\u00eda confidencial e informaci\u00f3n por tel\u00e9fono.<\/p>\n<p><strong>En Persona:<\/strong> los sobrevivientes pueden recibir <strong>consejer\u00eda de crisis<\/strong> personalmente en nuestra oficina sin necesidad de una cita. El horario de servicio es de lunes a viernes de 9:00 a.m. \u2013 5:00 p.m. Tambi\u00e9n ofrecemos <strong>consejer\u00eda a largo plazo y consejer\u00eda en grupo<\/strong> para aquellos sobrevivientes que ya han comenzado a sanar y est\u00e1n interesados en explorar m\u00e1s a fondo sus sentimientos y relaciones, o el impacto de la violencia sexual en su vida.<\/p>\n<h3>Abogac\u00eda y acompa\u00f1amiento<\/h3>\n<p>Los consejeros de STESA est\u00e1n disponibles para ayudar a un sobreviviente a explorar sus opciones m\u00e9dicas y legales. En colaboraci\u00f3n con nuestros asociados locales, STESA puede ayudar a un sobreviviente a:<\/p>\n<ul>\n<li>recibir atenci\u00f3n m\u00e9dica relacionada con un asalto<\/li>\n<li>hacer una denuncia a la polic\u00eda<\/li>\n<li>obtener una orden de restricci\u00f3n de emergencia<\/li>\n<li>evaluar servicios de emergencia como albergue, comida y\/o transporte<\/li>\n<li>solicitar una visa U o visa T, si corresponde<\/li>\n<li>recibir referencias para otros servicios<\/li>\n<\/ul>\n<\/div><\/section><br \/>\n<div  class='avia-button-wrap av-1p9cm5-5d3c46d3917d46f8309442d37ec9ae33-wrap avia-button-left  avia-builder-el-6  el_after_av_textblock  avia-builder-el-last  btn_style'>\n<style type=\"text\/css\" data-created_by=\"avia_inline_auto\" id=\"style-css-av-1p9cm5-5d3c46d3917d46f8309442d37ec9ae33\">\n#top #wrap_all .avia-button.av-1p9cm5-5d3c46d3917d46f8309442d37ec9ae33{\nbackground-color:#00a0b0;\nborder-color:#00a0b0;\ncolor:#ffffff;\n-webkit-transition:all 0.4s ease-in-out;\n-moz-transition:all 0.4s ease-in-out;\n-ms-transition:all 0.4s ease-in-out;\n-o-transition:all 0.4s ease-in-out;\ntransition:all 0.4s ease-in-out;\n}\n<\/style>\n<a href='https:\/\/sbstesa.org\/contacto\/?lang=es'  class='avia-button av-1p9cm5-5d3c46d3917d46f8309442d37ec9ae33 avia-icon_select-no avia-size-small avia-position-left'  ><span class='avia_iconbox_title' >CONT\u00c1CTENOS<\/span><\/a><\/div><\/p><\/div><\/div><\/div><\/main><!-- close content main element --><\/div><\/div>\n<style type=\"text\/css\" data-created_by=\"avia_inline_auto\" id=\"style-css-av-1iodr1-b82ccaeb49261ffb59b1e9daf4f5221c\">\n.avia-section.av-1iodr1-b82ccaeb49261ffb59b1e9daf4f5221c .av-section-color-overlay{\nopacity:0.9;\nbackground-color:#e9e9e9;\n}\n<\/style>\n<div id='preventing'  class='avia-section av-1iodr1-b82ccaeb49261ffb59b1e9daf4f5221c main_color avia-section-default avia-no-shadow  avia-builder-el-7  el_after_av_section  el_before_av_section  avia-bg-style-parallax av-section-color-overlay-active container_wrap sidebar_right'  ><div class=\"av-section-color-overlay-wrap\"><div class=\"av-section-color-overlay\"><\/div><div class='container av-section-cont-open' ><div class='template-page content  av-content-small alpha units'><div class='post-entry post-entry-type-page post-entry-1445'><div class='entry-content-wrapper clearfix'>\n<section  class='av_textblock_section av-1d9925-090c5d8796ba9d08781b221015f1be27 '  ><div class='avia_textblock' ><h1 id=\"education-prevention-service\" class=\"av-special-heading-tag\" style=\"text-align: center;\">PREVENCI\u00d3N DEL ABUSO SEXUAL<\/h1>\n<\/div><\/section>\n\n<style type=\"text\/css\" data-created_by=\"avia_inline_auto\" id=\"style-css-av-18xru5-0b11c4b06bd3c569d5e0fa08b3ff0fc7\">\n.flex_column.av-18xru5-0b11c4b06bd3c569d5e0fa08b3ff0fc7{\n-webkit-border-radius:0px 0px 0px 0px;\n-moz-border-radius:0px 0px 0px 0px;\nborder-radius:0px 0px 0px 0px;\npadding:0px 0px 0px 0px;\n}\n<\/style>\n<div  class='flex_column av-18xru5-0b11c4b06bd3c569d5e0fa08b3ff0fc7 av_three_fifth  avia-builder-el-9  el_after_av_textblock  el_before_av_two_fifth  border-section first flex_column_div av-zero-column-padding  column-top-margin'     ><style type=\"text\/css\" data-created_by=\"avia_inline_auto\" id=\"style-css-av-151aql-0cbf44f66037d3d9f4e9e6ff05882172\">\n#top .av_textblock_section.av-151aql-0cbf44f66037d3d9f4e9e6ff05882172 .avia_textblock{\ncolor:#000000;\n}\n<\/style>\n<section  class='av_textblock_section av-151aql-0cbf44f66037d3d9f4e9e6ff05882172 '  ><div class='avia_textblock av_inherit_color' ><h3>Educaci\u00f3n<\/h3>\n<p><strong>Presentaciones sobre la prevenci\u00f3n <\/strong><br \/>\n\u00a1Solicite una presentaci\u00f3n para su grupo!<\/p>\n<p><strong>Eventos de la comunidad <\/strong><br \/>\nSTESA est\u00e1 comprometida a participar en nuestra comunidad. \u00a1Nos encontrar\u00e1 representados en una variedad de eventos en el condado de Santa B\u00e1rbara, incluyendo ferias de salud, protestas, festivales y mucho m\u00e1s! Nuestro prop\u00f3sito es crear conciencia sobre el abuso sexual e informar a los residentes locales sobre los recursos disponibles. \u00a1Demuestre su apoyo asistiendo a uno de nuestros pr\u00f3ximos eventos!<\/p>\n<p><strong>Mes de concientizaci\u00f3n sobre el abuso sexual <\/strong><br \/>\nCada abril, en reconocimiento del mes de concientizaci\u00f3n del abuso sexual (SAAM por sus siglas en ingl\u00e9s), STESA realiza una campa\u00f1a dirigida a problemas espec\u00edficos relacionados con el abuso sexual en nuestra comunidad. Las campa\u00f1as anteriores incluyen capacitaci\u00f3n sobre la intervenci\u00f3n de testigos para bares locales, demostrando el apoyo de la comunidad a los sobrevivientes y combatiendo el mito que la vestimenta invita al abuso. \u00bfLe apasiona educar a la comunidad? \u00a1Participe en el planeamiento de nuestra pr\u00f3xima campa\u00f1a!<\/p>\n<p><strong>Taller de defensa personal<\/strong><br \/>\nNuestro taller de 4 horas ense\u00f1a t\u00e9cnicas de concientizaci\u00f3n, autoafirmaci\u00f3n y defensa personal. Hay talleres especialmente dise\u00f1ados para adolescentes, personas de la tercera edad y personas con discapacidades. \u00a1Inscr\u00edbase para una de nuestras pr\u00f3ximas clases o solicite una sesi\u00f3n privada para su grupo!<\/p>\n<p><strong>Capacitaci\u00f3n para la prevenci\u00f3n del acoso sexual.<br \/>\n<\/strong>En una empresa de cinco o m\u00e1s empleados o contratistas independientes, todos los supervisores y gerentes deben recibir dos horas y los empleados una hora de instrucci\u00f3n en la prevenci\u00f3n del acoso sexual cada dos a\u00f1os.<\/p>\n<p class=\"p1\">STESA brinda una capacitaci\u00f3n interactiva de dos horas que cumple con los est\u00e1ndares de prevenci\u00f3n del acoso sexual de California. Ofrecemos capacitaci\u00f3n en ingl\u00e9s o espa\u00f1ol. \u00a1Cont\u00e1ctenos para m\u00e1s informaci\u00f3n!<\/p>\n<\/div><\/section><br \/>\n<div  class='avia-button-wrap av-xqp19-069a85098e360112f5c6003109dd5a71-wrap avia-button-left  avia-builder-el-11  el_after_av_textblock  avia-builder-el-last  btn_style'>\n<style type=\"text\/css\" data-created_by=\"avia_inline_auto\" id=\"style-css-av-xqp19-069a85098e360112f5c6003109dd5a71\">\n#top #wrap_all .avia-button.av-xqp19-069a85098e360112f5c6003109dd5a71{\nbackground-color:#7f4197;\nborder-color:#7f4197;\ncolor:#ffffff;\n-webkit-transition:all 0.4s ease-in-out;\n-moz-transition:all 0.4s ease-in-out;\n-ms-transition:all 0.4s ease-in-out;\n-o-transition:all 0.4s ease-in-out;\ntransition:all 0.4s ease-in-out;\n}\n<\/style>\n<a href='https:\/\/sbstesa.org\/contacto\/?lang=es'  class='avia-button av-xqp19-069a85098e360112f5c6003109dd5a71 avia-icon_select-no avia-size-small avia-position-left'  ><span class='avia_iconbox_title' >CONT\u00c1CTENOS<\/span><\/a><\/div><\/p><\/div>\n<style type=\"text\/css\" data-created_by=\"avia_inline_auto\" id=\"style-css-av-r831p-3cc90749bdc57c5a4b3acefce122805f\">\n.flex_column.av-r831p-3cc90749bdc57c5a4b3acefce122805f{\n-webkit-border-radius:0px 0px 0px 0px;\n-moz-border-radius:0px 0px 0px 0px;\nborder-radius:0px 0px 0px 0px;\npadding:0px 0px 0px 0px;\n}\n<\/style>\n<div  class='flex_column av-r831p-3cc90749bdc57c5a4b3acefce122805f av_two_fifth  avia-builder-el-12  el_after_av_three_fifth  avia-builder-el-last  flex_column_div av-zero-column-padding  column-top-margin'     ><style type=\"text\/css\" data-created_by=\"avia_inline_auto\" id=\"style-css-av-27q8l-7287d8f22ba03274e48d00e902cb9a65\">\n.avia-image-container.av-27q8l-7287d8f22ba03274e48d00e902cb9a65 img.avia_image{\nbox-shadow:none;\n}\n.avia-image-container.av-27q8l-7287d8f22ba03274e48d00e902cb9a65 .av-image-caption-overlay-center{\ncolor:#ffffff;\n}\n<\/style>\n<div  class='avia-image-container av-27q8l-7287d8f22ba03274e48d00e902cb9a65 av-styling- avia-align-center  avia-builder-el-13  avia-builder-el-no-sibling '  ><div class=\"avia-image-container-inner\"><div class=\"avia-image-overlay-wrap\"><img decoding=\"async\" class='wp-image-1369 avia-img-lazy-loading-not-1369 avia_image ' src=\"https:\/\/sbstesa.org\/wp-content\/uploads\/2018\/04\/Training-2.jpg\" alt='' title='Training-2'  height=\"596\" width=\"828\" srcset=\"https:\/\/sbstesa.org\/wp-content\/uploads\/2018\/04\/Training-2.jpg 828w, https:\/\/sbstesa.org\/wp-content\/uploads\/2018\/04\/Training-2-300x216.jpg 300w, https:\/\/sbstesa.org\/wp-content\/uploads\/2018\/04\/Training-2-768x553.jpg 768w, https:\/\/sbstesa.org\/wp-content\/uploads\/2018\/04\/Training-2-705x507.jpg 705w, https:\/\/sbstesa.org\/wp-content\/uploads\/2018\/04\/Training-2-450x324.jpg 450w\" sizes=\"(max-width: 828px) 100vw, 828px\" \/><\/div><\/div><\/div><\/div>\n<\/p>\n<\/div><\/div><\/div><!-- close content main div --><\/div><\/div><\/div><div id='av_section_3'  class='avia-section av-hjpdp-e51154888556f3b2578e4b6fcb3ddf7f main_color avia-section-default avia-no-shadow  avia-builder-el-14  el_after_av_section  avia-builder-el-last  avia-bg-style-scroll container_wrap sidebar_right'  ><div class='container av-section-cont-open' ><div class='template-page content  av-content-small alpha units'><div class='post-entry post-entry-type-page post-entry-1445'><div class='entry-content-wrapper clearfix'>\n<section  class='av_textblock_section av-a6tvx-ffe1d3c8ca6ace460a9a90916090383e '  ><div class='avia_textblock' ><p><strong>Nota sobre la confidencialidad:<\/strong><\/p>\n<p>STESA toma seriamente a la confidencialidad. A menudo, es nuestro compromiso con la confidencialidad lo que da a los sobrevivientes, los miembros de su familia y sus amigos la seguridad para buscar los servicios de STESA. Los clientes tienen el derecho de mantener sus identidades, historias y experiencias protegidas. Solamente se divulgar\u00e1 la informaci\u00f3n personal de nuestros clientes a otro individuo u organizaci\u00f3n despu\u00e9s de obtener su consentimiento por escrito. Sin embargo, es importante notar que todos los consejeros en STESA son denunciantes obligados. Estamos legalmente obligados a ponernos en contacto con los Servicios de Bienestar del Ni\u00f1o o los Servicios de Protecci\u00f3n de los Adultos si el caso est\u00e1 relacionado con el abuso de un ni\u00f1o (menor de 18 a\u00f1os) o de un anciano (mayor de 65 a\u00f1os). No se requiere que los clientes mencionen su edad u otra informaci\u00f3n identificadora mediante nuestra l\u00ednea de apoyo.<\/p>\n<\/div><\/section>\n<\/div><\/div><\/div><!-- close content main div --><\/div><\/div><div id='after_section_3'  class='main_color av_default_container_wrap container_wrap sidebar_right'  ><div class='container av-section-cont-open' ><div class='template-page content  av-content-small alpha units'><div class='post-entry post-entry-type-page post-entry-1445'><div class='entry-content-wrapper clearfix'>\n","protected":false},"excerpt":{"rendered":"","protected":false},"author":1,"featured_media":0,"parent":0,"menu_order":0,"comment_status":"closed","ping_status":"closed","template":"","meta":{"_price":"","_stock":"","_tribe_ticket_header":"","_tribe_default_ticket_provider":"","_ticket_start_date":"","_ticket_end_date":"","_tribe_ticket_show_description":"","_tribe_ticket_show_not_going":false,"_tribe_ticket_use_global_stock":"","_tribe_ticket_global_stock_level":"","_global_stock_mode":"","_global_stock_cap":"","_tribe_rsvp_for_event":"","_tribe_ticket_going_count":"","_tribe_ticket_not_going_count":"","_tribe_tickets_list":"[]","_tribe_ticket_has_attendee_info_fields":false,"footnotes":"","_tec_slr_enabled":"","_tec_slr_layout":""},"class_list":["post-1445","page","type-page","status-publish","hentry"],"ticketed":false,"_links":{"self":[{"href":"https:\/\/sbstesa.org\/es\/wp-json\/wp\/v2\/pages\/1445","targetHints":{"allow":["GET"]}}],"collection":[{"href":"https:\/\/sbstesa.org\/es\/wp-json\/wp\/v2\/pages"}],"about":[{"href":"https:\/\/sbstesa.org\/es\/wp-json\/wp\/v2\/types\/page"}],"author":[{"embeddable":true,"href":"https:\/\/sbstesa.org\/es\/wp-json\/wp\/v2\/users\/1"}],"replies":[{"embeddable":true,"href":"https:\/\/sbstesa.org\/es\/wp-json\/wp\/v2\/comments?post=1445"}],"version-history":[{"count":12,"href":"https:\/\/sbstesa.org\/es\/wp-json\/wp\/v2\/pages\/1445\/revisions"}],"predecessor-version":[{"id":7245,"href":"https:\/\/sbstesa.org\/es\/wp-json\/wp\/v2\/pages\/1445\/revisions\/7245"}],"wp:attachment":[{"href":"https:\/\/sbstesa.org\/es\/wp-json\/wp\/v2\/media?parent=1445"}],"curies":[{"name":"wp","href":"https:\/\/api.w.org\/{rel}","templated":true}]}}