{"id":1459,"date":"2019-02-18T20:58:15","date_gmt":"2019-02-18T20:58:15","guid":{"rendered":"https:\/\/sbstesa.org\/recursos\/informacion-medica\/"},"modified":"2023-07-17T19:25:20","modified_gmt":"2023-07-17T19:25:20","slug":"informacion-medica","status":"publish","type":"page","link":"https:\/\/sbstesa.org\/es\/recursos\/informacion-medica\/","title":{"rendered":"Informaci\u00f3n M\u00e9dica"},"content":{"rendered":"\n<style type=\"text\/css\" data-created_by=\"avia_inline_auto\" id=\"style-css-av-z5vb7-b243cae520e66d015544da52603692dd\">\n#top .av-special-heading.av-z5vb7-b243cae520e66d015544da52603692dd{\npadding-bottom:10px;\ncolor:#000000;\n}\nbody .av-special-heading.av-z5vb7-b243cae520e66d015544da52603692dd .av-special-heading-tag .heading-char{\nfont-size:25px;\n}\n.av-special-heading.av-z5vb7-b243cae520e66d015544da52603692dd .special-heading-inner-border{\nborder-color:#000000;\n}\n.av-special-heading.av-z5vb7-b243cae520e66d015544da52603692dd .av-subheading{\nfont-size:15px;\n}\n<\/style>\n<div  class='av-special-heading av-z5vb7-b243cae520e66d015544da52603692dd av-special-heading-h1 custom-color-heading blockquote modern-quote modern-centered  avia-builder-el-0  el_before_av_one_fifth  avia-builder-el-first '><h1 class='av-special-heading-tag'  >Opciones M\u00e9dicas<\/h1><div class=\"special-heading-border\"><div class=\"special-heading-inner-border\"><\/div><\/div><\/div>\n\n<style type=\"text\/css\" data-created_by=\"avia_inline_auto\" id=\"style-css-av-t7uu3-42e6c16eac83333b1317dcbc07baab3e\">\n.flex_column.av-t7uu3-42e6c16eac83333b1317dcbc07baab3e{\n-webkit-border-radius:0px 0px 0px 0px;\n-moz-border-radius:0px 0px 0px 0px;\nborder-radius:0px 0px 0px 0px;\npadding:0px 0px 0px 0px;\n}\n<\/style>\n<div  class='flex_column av-t7uu3-42e6c16eac83333b1317dcbc07baab3e av_one_fifth  avia-builder-el-1  el_after_av_heading  el_before_av_four_fifth  first flex_column_div av-zero-column-padding  '     ><section  class='avia-team-member av-ncvxf-cfb66642ef0fe095fa338526a80fcb9b  avia-builder-el-2  avia-builder-el-no-sibling ' ><div class=\"team-img-container\"><img decoding=\"async\" class='wp-image-1326 avia-img-lazy-loading-not-1326 avia_image avia_image_team' src=\"https:\/\/sbstesa.org\/wp-content\/uploads\/2017\/09\/img5.jpg\" alt=''   height=\"270\" width=\"358\" srcset=\"https:\/\/sbstesa.org\/wp-content\/uploads\/2017\/09\/img5.jpg 358w, https:\/\/sbstesa.org\/wp-content\/uploads\/2017\/09\/img5-300x226.jpg 300w\" sizes=\"(max-width: 358px) 100vw, 358px\" \/><\/div><span class='hidden team-member-affiliation' >Standing Together to End Sexual Assault | Santa Barbara Rape Crisis Center<\/span><\/section><\/div>\n\n<style type=\"text\/css\" data-created_by=\"avia_inline_auto\" id=\"style-css-av-fv8d7-d7b92cff375a69e28613d77c2d76deb8\">\n.flex_column.av-fv8d7-d7b92cff375a69e28613d77c2d76deb8{\n-webkit-border-radius:0px 0px 0px 0px;\n-moz-border-radius:0px 0px 0px 0px;\nborder-radius:0px 0px 0px 0px;\npadding:0px 0px 0px 0px;\n}\n<\/style>\n<div  class='flex_column av-fv8d7-d7b92cff375a69e28613d77c2d76deb8 av_four_fifth  avia-builder-el-3  el_after_av_one_fifth  avia-builder-el-last  flex_column_div av-zero-column-padding  '     ><section  class='av_textblock_section av-7qh0j-040f6c0b62484e7d7e3a3eaa2cc4f1ff '  ><div class='avia_textblock' ><p>Todas las opciones m\u00e9dicas est\u00e1n disponibles para los sobrevivientes, independientemente de si deciden denunciar la agresi\u00f3n sexual a los oficiales policiacos. Es importante tener en cuenta que, como informantes obligatorios, el personal m\u00e9dico debe comunicarse con los oficiales policiacos en casos de sospecha de agresi\u00f3n sexual. Sin embargo, un sobreviviente siempre tiene derecho a rechazar una entrevista con la polic\u00eda. STESA no brinda servicios m\u00e9dicos, pero puede proporcionar informaci\u00f3n y derivaciones a proveedores de servicios m\u00e9dicos. Los Asistentes Sociales est\u00e1n disponibles para acompa\u00f1ar a los sobrevivientes a las citas m\u00e9dicas relacionadas con la agresi\u00f3n sexual.<\/p>\n<p><strong>Tratamiento de lesiones<\/strong><br \/>\nDebido a la conmoci\u00f3n de sufrir una agresi\u00f3n sexual, es posible que un sobreviviente no sea completamente consciente de las lesiones que pueda haber sufrido. Un examen m\u00e9dico asegura que cualquier lesi\u00f3n sea identificada y tratada apropiadamente.<\/p>\n<p><strong>Prevenci\u00f3n del embarazo <\/strong><br \/>\nLos Asistentes Sociales est\u00e1n disponibles para discutir opciones con sobrevivientes preocupadas por su riesgo de embarazo, anticoncepci\u00f3n de emergencia y pruebas de embarazo.<\/p>\n<p><strong>Prevenci\u00f3n de infecciones transmitidas sexualmente (ITS) <\/strong><br \/>\nLas pruebas y el tratamiento est\u00e1n disponibles para las infecciones de transmisi\u00f3n sexual. Los Asistentes Sociales est\u00e1n disponibles para proporcionar referencias.<\/p>\n<\/div><\/section><\/div>\n","protected":false},"excerpt":{"rendered":"","protected":false},"author":1,"featured_media":0,"parent":1450,"menu_order":0,"comment_status":"closed","ping_status":"closed","template":"","meta":{"_price":"","_stock":"","_tribe_ticket_header":"","_tribe_default_ticket_provider":"","_ticket_start_date":"","_ticket_end_date":"","_tribe_ticket_show_description":"","_tribe_ticket_show_not_going":false,"_tribe_ticket_use_global_stock":"","_tribe_ticket_global_stock_level":"","_global_stock_mode":"","_global_stock_cap":"","_tribe_rsvp_for_event":"","_tribe_ticket_going_count":"","_tribe_ticket_not_going_count":"","_tribe_tickets_list":"[]","_tribe_ticket_has_attendee_info_fields":false,"footnotes":"","_tec_slr_enabled":"","_tec_slr_layout":""},"class_list":["post-1459","page","type-page","status-publish","hentry"],"ticketed":false,"_links":{"self":[{"href":"https:\/\/sbstesa.org\/es\/wp-json\/wp\/v2\/pages\/1459","targetHints":{"allow":["GET"]}}],"collection":[{"href":"https:\/\/sbstesa.org\/es\/wp-json\/wp\/v2\/pages"}],"about":[{"href":"https:\/\/sbstesa.org\/es\/wp-json\/wp\/v2\/types\/page"}],"author":[{"embeddable":true,"href":"https:\/\/sbstesa.org\/es\/wp-json\/wp\/v2\/users\/1"}],"replies":[{"embeddable":true,"href":"https:\/\/sbstesa.org\/es\/wp-json\/wp\/v2\/comments?post=1459"}],"version-history":[{"count":10,"href":"https:\/\/sbstesa.org\/es\/wp-json\/wp\/v2\/pages\/1459\/revisions"}],"predecessor-version":[{"id":6169,"href":"https:\/\/sbstesa.org\/es\/wp-json\/wp\/v2\/pages\/1459\/revisions\/6169"}],"up":[{"embeddable":true,"href":"https:\/\/sbstesa.org\/es\/wp-json\/wp\/v2\/pages\/1450"}],"wp:attachment":[{"href":"https:\/\/sbstesa.org\/es\/wp-json\/wp\/v2\/media?parent=1459"}],"curies":[{"name":"wp","href":"https:\/\/api.w.org\/{rel}","templated":true}]}}