{"id":1468,"date":"2019-02-18T21:20:19","date_gmt":"2019-02-18T21:20:19","guid":{"rendered":"https:\/\/sbstesa.org\/recursos\/mitos-realidades\/"},"modified":"2019-03-22T19:24:25","modified_gmt":"2019-03-22T19:24:25","slug":"mitos-realidades","status":"publish","type":"page","link":"https:\/\/sbstesa.org\/es\/recursos\/mitos-realidades\/","title":{"rendered":"Mitos &#8211; Realidades"},"content":{"rendered":"\n<style type=\"text\/css\" data-created_by=\"avia_inline_auto\" id=\"style-css-av-2pe5su-08600d611d3c010d1eeb83eca35220c2\">\n#top .av-special-heading.av-2pe5su-08600d611d3c010d1eeb83eca35220c2{\npadding-bottom:10px;\ncolor:#000000;\n}\nbody .av-special-heading.av-2pe5su-08600d611d3c010d1eeb83eca35220c2 .av-special-heading-tag .heading-char{\nfont-size:25px;\n}\n.av-special-heading.av-2pe5su-08600d611d3c010d1eeb83eca35220c2 .special-heading-inner-border{\nborder-color:#000000;\n}\n.av-special-heading.av-2pe5su-08600d611d3c010d1eeb83eca35220c2 .av-subheading{\nfont-size:15px;\n}\n<\/style>\n<div  class='av-special-heading av-2pe5su-08600d611d3c010d1eeb83eca35220c2 av-special-heading-h1 custom-color-heading blockquote modern-quote modern-centered  avia-builder-el-0  el_before_av_one_fifth  avia-builder-el-first '><h1 class='av-special-heading-tag'  >MITOS VERSUS VERDADES<\/h1><div class=\"special-heading-border\"><div class=\"special-heading-inner-border\"><\/div><\/div><\/div>\n\n<style type=\"text\/css\" data-created_by=\"avia_inline_auto\" id=\"style-css-av-rwidy-c8e8d6a51617dc5db6a9ec0e5941190f\">\n.flex_column.av-rwidy-c8e8d6a51617dc5db6a9ec0e5941190f{\n-webkit-border-radius:0px 0px 0px 0px;\n-moz-border-radius:0px 0px 0px 0px;\nborder-radius:0px 0px 0px 0px;\npadding:0px 0px 0px 0px;\n}\n<\/style>\n<div  class='flex_column av-rwidy-c8e8d6a51617dc5db6a9ec0e5941190f av_one_fifth  avia-builder-el-1  el_after_av_heading  el_before_av_four_fifth  first flex_column_div av-zero-column-padding  '     ><section  class='avia-team-member av-2c4we-a6bdfefa0b1440b92b5530ead8c99b6e  avia-builder-el-2  avia-builder-el-no-sibling ' ><div class=\"team-img-container\"><img decoding=\"async\" class='wp-image-1324 avia-img-lazy-loading-not-1324 avia_image avia_image_team' src=\"https:\/\/sbstesa.org\/wp-content\/uploads\/2017\/09\/img8-300x225.jpg\" alt=''   height=\"225\" width=\"300\" srcset=\"https:\/\/sbstesa.org\/wp-content\/uploads\/2017\/09\/img8-300x225.jpg 300w, https:\/\/sbstesa.org\/wp-content\/uploads\/2017\/09\/img8.jpg 357w\" sizes=\"(max-width: 300px) 100vw, 300px\" \/><\/div><span class='hidden team-member-affiliation' >Standing Together to End Sexual Assault | Santa Barbara Rape Crisis Center<\/span><\/section><\/div>\n\n<style type=\"text\/css\" data-created_by=\"avia_inline_auto\" id=\"style-css-av-digp2-b36110ad24bab0ca1dcbcbff86e54fb5\">\n.flex_column.av-digp2-b36110ad24bab0ca1dcbcbff86e54fb5{\n-webkit-border-radius:0px 0px 0px 0px;\n-moz-border-radius:0px 0px 0px 0px;\nborder-radius:0px 0px 0px 0px;\npadding:0px 0px 0px 0px;\n}\n<\/style>\n<div  class='flex_column av-digp2-b36110ad24bab0ca1dcbcbff86e54fb5 av_four_fifth  avia-builder-el-3  el_after_av_one_fifth  avia-builder-el-last  flex_column_div av-zero-column-padding  '     ><p><div  class='togglecontainer av-jko1nzhw-966051cce16cb838090a08838e0f211f  avia-builder-el-4  el_before_av_hr  avia-builder-el-first  toggle_close_all' >\n<section class='av_toggle_section av-fggra-6f81df6e9ff1d07aeb04dbe6a2d08ef2' ><div role=\"tablist\" class=\"single_toggle\" data-tags=\"{Todo} \"  ><p data-fake-id='#toggle-id-1' class='toggler   '  role='tab' tabindex='0' aria-controls='toggle-id-1'>MITO la mayor\u00eda de los casos de abuso sexual son cometidos por personas extra\u00f1as. Tener cuidado cuando est\u00e1s en p\u00fablico es la mejor manera de reducir el riesgo de ser abusado. <span class=\"toggle_icon\"><span class=\"vert_icon\"><\/span><span class=\"hor_icon\"><\/span><\/span><\/p><div id='toggle-id-1' class='toggle_wrap  '  ><div class='toggle_content invers-color ' ><p><strong>REALIDAD<\/strong>\u00a0Se estima que 83% de las violaciones son cometidas por alguien que el sobreviviente conoce, como un amigo, miembro de la familia o compa\u00f1ero \u00edntimo <sup>(5)<\/sup>.\u00a0 Solamente una peque\u00f1a fracci\u00f3n de los abusos sexuales ocurre en p\u00fablico. La mayor\u00eda ocurre en la propia casa del sobreviviente o de un amigo o miembro de la familia <sup>(6)<\/sup>. Esta violaci\u00f3n de la confianza a menudo hace que los sobrevivientes se sientan vulnerables e inseguros de su propio juicio.<\/p>\n<\/div><\/div><\/div><\/section>\n<section class='av_toggle_section av-tz1y-98df1e73c6ab9aa501822b345b73c2c2' ><div role=\"tablist\" class=\"single_toggle\" data-tags=\"{Todo} \"  ><p data-fake-id='#toggle-id-2' class='toggler   '  role='tab' tabindex='0' aria-controls='toggle-id-2'>MITO el incesto y el abuso sexual de ni\u00f1os es raro. <span class=\"toggle_icon\"><span class=\"vert_icon\"><\/span><span class=\"hor_icon\"><\/span><\/span><\/p><div id='toggle-id-2' class='toggle_wrap  '  ><div class='toggle_content invers-color ' ><p><strong>REALIDAD<\/strong>\u00a0el incesto y el abuso sexual de ni\u00f1os son comunes y suceden en cada comunidad. Una en cuatro ni\u00f1as y uno en seis ni\u00f1os son abusados sexualmente de ni\u00f1os <sup>(7)<\/sup>. 11% de las v\u00edctimas de violaci\u00f3n son violadas por sus padres o padrastros; otro 16% son violadas por otro pariente <sup>(8)<\/sup>.<\/p>\n<\/div><\/div><\/div><\/section>\n<section class='av_toggle_section av-2kmexi-65f7b69e97795cce263536086236d35a' ><div role=\"tablist\" class=\"single_toggle\" data-tags=\"{Todo} \"  ><p data-fake-id='#toggle-id-3' class='toggler   '  role='tab' tabindex='0' aria-controls='toggle-id-3'>MITO los hombres no pueden ser violados<span class=\"toggle_icon\"><span class=\"vert_icon\"><\/span><span class=\"hor_icon\"><\/span><\/span><\/p><div id='toggle-id-3' class='toggle_wrap  '  ><div class='toggle_content invers-color ' ><p><strong>REALIDAD los<\/strong> hombres representan el 13% de los sobrevivientes de abuso sexual <sup>(9)<\/sup>. T\u00edpicamente, el perpetrador es un hombre heterosexual. Ser abusado sexualmente no \u201cconvierte a alguien en gay\u201d.<\/p>\n<\/div><\/div><\/div><\/section>\n<section class='av_toggle_section av-2cti9y-d4b33024a6bbc4bd7faec5b58f205452' ><div role=\"tablist\" class=\"single_toggle\" data-tags=\"{Todo} \"  ><p data-fake-id='#toggle-id-4' class='toggler   '  role='tab' tabindex='0' aria-controls='toggle-id-4'>MITO el abuso sexual ocurre solamente entre personas heterosexuales. <span class=\"toggle_icon\"><span class=\"vert_icon\"><\/span><span class=\"hor_icon\"><\/span><\/span><\/p><div id='toggle-id-4' class='toggle_wrap  '  ><div class='toggle_content invers-color ' ><p><strong>REALIDAD<\/strong>\u00a0el abuso sexual ocurre en las relaciones y comunidades LGBTQ a \u00edndices consistentes con la poblaci\u00f3n heterosexual. Las personas LGBTQ tambi\u00e9n son el objeto de abuso sexual como una manera de crimen de odio debido a su orientaci\u00f3n sexual o identidad de g\u00e9nero.<\/p>\n<\/div><\/div><\/div><\/section>\n<section class='av_toggle_section av-29onry-a73d9fdc001fa5a5e441a5265419fed2' ><div role=\"tablist\" class=\"single_toggle\" data-tags=\"{Todo} \"  ><p data-fake-id='#toggle-id-5' class='toggler   '  role='tab' tabindex='0' aria-controls='toggle-id-5'>MITO las personas con discapacidades no son afectadas por la violencia sexual. <span class=\"toggle_icon\"><span class=\"vert_icon\"><\/span><span class=\"hor_icon\"><\/span><\/span><\/p><div id='toggle-id-5' class='toggle_wrap  '  ><div class='toggle_content invers-color ' ><p><strong>REALIDAD<\/strong>\u00a0este mito se origina en la creencia err\u00f3nea de que la gente con discapacidades son asexuadas y en la idea equivocada de que el abuso sexual se trata de atracci\u00f3n sexual. Las personas con todo tipo de discapacidades est\u00e1n en alto riesgo de sufrir violencia sexual porque los perpetradores buscan a v\u00edctimas vulnerables y menos propensas a denunciar el abuso. 83% de las mujeres y 32% de los hombres con discapacidades de desarrollo son sobrevivientes de abuso sexual <sup>(10)<\/sup>. El 97% al 99% de los perpetradores son conocidos y personas confiables para el sobreviviente <sup>(11)<\/sup>.<\/p>\n<\/div><\/div><\/div><\/section>\n<section class='av_toggle_section av-222qny-5d72fbc27307b987694df4159105a848' ><div role=\"tablist\" class=\"single_toggle\" data-tags=\"{Todo} \"  ><p data-fake-id='#toggle-id-6' class='toggler   '  role='tab' tabindex='0' aria-controls='toggle-id-6'>MITO llevar ropa sexy, tomar alcohol y coquetear son todas formas de \u201cpedirlo\u201d. La gente debe saber que no tiene que comportarse de forma provocativa o ponerse en situaciones peligrosas. <span class=\"toggle_icon\"><span class=\"vert_icon\"><\/span><span class=\"hor_icon\"><\/span><\/span><\/p><div id='toggle-id-6' class='toggle_wrap  '  ><div class='toggle_content invers-color ' ><p><strong>REALIDAD<\/strong>\u00a0nunca debe culparse al sobreviviente de abuso sexual. Esta \u201cpresunci\u00f3n de riesgo\u201d equivocadamente pone en la victima la responsabilidad de las acciones del perpetrador.\u00a0 Los perpetradores son los responsables de elegir violar sexualmente a alguien, independientemente de las elecciones hechas por el sobreviviente sobre su vestimenta, comportamiento o alcohol. No hay correlaci\u00f3n entre qui\u00e9n es violado y las ropas que lleva o su conducta de coqueteo en ese momento. El abuso sexual es una situaci\u00f3n humillante. Ninguna persona pide o merece tal ataque.<\/p>\n<\/div><\/div><\/div><\/section>\n<section class='av_toggle_section av-1wb1ta-0ec3e68df6f2bd1f22e3f4943288acd9' ><div role=\"tablist\" class=\"single_toggle\" data-tags=\"{Todo} \"  ><p data-fake-id='#toggle-id-7' class='toggler   '  role='tab' tabindex='0' aria-controls='toggle-id-7'>MITO si una persona besa o tiene contacto f\u00edsico con alguien, est\u00e1 pidiendo m\u00e1s actividad sexual. No pueden decir que han sido abusados sexualmente si la actividad sexual va m\u00e1s all\u00e1 de lo que ten\u00edan planeado originalmente. <span class=\"toggle_icon\"><span class=\"vert_icon\"><\/span><span class=\"hor_icon\"><\/span><\/span><\/p><div id='toggle-id-7' class='toggle_wrap  '  ><div class='toggle_content invers-color ' ><p><strong>REALIDAD si una persona <\/strong>consinti\u00f3 en participar en alguna actividad sexual, no es un consentimiento en blanco para toda actividad sexual. Si una persona no est\u00e1 segura si la otra persona se siente c\u00f3moda con un nivel elevado de actividad sexual, esta persona debe detenerse y preguntar. Cuando alguien dice \u201cNo\u201d o \u201cDetente\u201d, quiere decir DETENTE. La actividad sexual forzada, sin consentimiento es abuso sexual.<\/p>\n<\/div><\/div><\/div><\/section>\n<section class='av_toggle_section av-1swrt2-e03bd624f945b25d1eb008f3812e032f' ><div role=\"tablist\" class=\"single_toggle\" data-tags=\"{Todo} \"  ><p data-fake-id='#toggle-id-8' class='toggler   '  role='tab' tabindex='0' aria-controls='toggle-id-8'>MITO no es abuso sexual si sucede despu\u00e9s de beber o usar de drogas. <span class=\"toggle_icon\"><span class=\"vert_icon\"><\/span><span class=\"hor_icon\"><\/span><\/span><\/p><div id='toggle-id-8' class='toggle_wrap  '  ><div class='toggle_content invers-color ' ><p><strong>REALIDAD<\/strong>\u00a075% de los alumnos hombres y 55% de las alumnas mujeres v\u00edctimas de violaci\u00f3n por alguien conocido hab\u00edan estado tomando o usando drogas <sup>(12)<\/sup>. Una persona que est\u00e1 bajo la influencia del alcohol y otras drogas no es capaz de dar un consentimiento legal a una actividad sexual. Es un crimen utilizar alcohol y drogas como medio para participar en una actividad sexual con alguien en contra de su voluntad.<\/p>\n<\/div><\/div><\/div><\/section>\n<section class='av_toggle_section av-1khjwu-12a837166a19c90196bada1c662fc58c' ><div role=\"tablist\" class=\"single_toggle\" data-tags=\"{Todo} \"  ><p data-fake-id='#toggle-id-9' class='toggler   '  role='tab' tabindex='0' aria-controls='toggle-id-9'>MITO es imposible para alguien abusar sexualmente a su c\u00f3nyuge o compa\u00f1ero <span class=\"toggle_icon\"><span class=\"vert_icon\"><\/span><span class=\"hor_icon\"><\/span><\/span><\/p><div id='toggle-id-9' class='toggle_wrap  '  ><div class='toggle_content invers-color ' ><p><strong>REALIDAD no importa si <\/strong>dos personas est\u00e1n casadas, saliendo o han tenido sexo consensual en el pasado \u2013 forzar o coaccionar a alguien para participar en una actividad sexual es abuso sexual. 14% de las mujeres casadas han sufrido la violaci\u00f3n o intento de violaci\u00f3n por sus maridos. <sup>(13)<\/sup>.<\/p>\n<\/div><\/div><\/div><\/section>\n<section class='av_toggle_section av-1ehre6-aa0015ee0a5170540dfb2ce8d2c3a3e1' ><div role=\"tablist\" class=\"single_toggle\" data-tags=\"{Todo} \"  ><p data-fake-id='#toggle-id-10' class='toggler   '  role='tab' tabindex='0' aria-controls='toggle-id-10'>MITO la mayor\u00eda de las violaciones son cometidas contra mujeres blancas por hombres de color<span class=\"toggle_icon\"><span class=\"vert_icon\"><\/span><span class=\"hor_icon\"><\/span><\/span><\/p><div id='toggle-id-10' class='toggle_wrap  '  ><div class='toggle_content invers-color ' ><p><strong>REALIDAD <\/strong>en el 80%-90% de todos los casos de cr\u00edmenes violentos contra las mujeres, el sobreviviente y el perpetrador son de la misma raza <sup>(14)<\/sup>. El Departamento de Justicia no observ\u00f3 ninguna diferencia en el \u00edndice de violaci\u00f3n y abuso sexual entre grupos raciales. <sup>(15)<\/sup>. Cuando los hombres violan a mujeres de otras razas y etnias, es m\u00e1s a menudo un perpetrador blanco que viola a una mujer de color que un hombre de color que viola a una mujer blanca. El mito de que la mayor\u00eda de las violaciones son de hombres de color que violan a mujeres blancas puede ser perpetuado por la publicidad sobre esos abusos basada en estereotipos raciales y culturales. <sup>(16)<\/sup>.<\/p>\n<\/div><\/div><\/div><\/section>\n<section class='av_toggle_section av-1a0u6m-c97195d8896a213a10d4fca6e47cfb18' ><div role=\"tablist\" class=\"single_toggle\" data-tags=\"{Todo} \"  ><p data-fake-id='#toggle-id-11' class='toggler   '  role='tab' tabindex='0' aria-controls='toggle-id-11'>MITO los violadores son pervertidos locos, trastornados, anormales. Son hombres solitarios, sin una compa\u00f1\u00eda femenina.<span class=\"toggle_icon\"><span class=\"vert_icon\"><\/span><span class=\"hor_icon\"><\/span><\/span><\/p><div id='toggle-id-11' class='toggle_wrap  '  ><div class='toggle_content invers-color ' ><p><strong>REALIDAD<\/strong> los perpetradores son a menudo miembros de la comunidad respetados y confiables. La mayor\u00eda de los perpetradores son hombres heterosexuales casados o tienen relaciones sexuales consensuales cuando abusan a otras mujeres <sup>(17)<\/sup>. La mayor diferencia entre los hombres que violan y los que no violan est\u00e1 en su actitud hacia las mujeres. A menudo creen que tienen el derecho de acceso sexual a las mujeres cuando les plazca y por lo tanto no consideran que lo que hacen sea una violaci\u00f3n. T\u00edpicamente ven a las mujeres con desprecio y a veces una profunda hostilidad y tienen una fuerte tendencia a expresar violencia e ira.<\/p>\n<\/div><\/div><\/div><\/section>\n<section class='av_toggle_section av-10q2hi-6ee5180d2548d8cf4146a8bfbe1f8e92' ><div role=\"tablist\" class=\"single_toggle\" data-tags=\"{Todo} \"  ><p data-fake-id='#toggle-id-12' class='toggler   '  role='tab' tabindex='0' aria-controls='toggle-id-12'>MITO los hombres violan a las mujeres porque esa es la naturaleza de los hombres y su rol biol\u00f3gico. <span class=\"toggle_icon\"><span class=\"vert_icon\"><\/span><span class=\"hor_icon\"><\/span><\/span><\/p><div id='toggle-id-12' class='toggle_wrap  '  ><div class='toggle_content invers-color ' ><p><strong>REALIDAD <\/strong>la violaci\u00f3n no es universal. Hay muchas sociedades donde los hombres nunca violan a las mujeres. Hay conexiones entre un alto \u00edndice de violaci\u00f3n, la glorificaci\u00f3n de la violencia, la objetificaci\u00f3n de las mujeres, el fomento del comportamiento rudo y agresivo en los hombres y la prevalencia de la guerra. Las sociedades que consideraban los roles de las mujeres y los hombres como iguales en estatus son sociedades con pocas o sin violaciones. <sup>(18)<\/sup>.<\/p>\n<\/div><\/div><\/div><\/section>\n<section class='av_toggle_section av-xrfr2-b2b3911943b3e6bc653c66f962591370' ><div role=\"tablist\" class=\"single_toggle\" data-tags=\"{Todo} \"  ><p data-fake-id='#toggle-id-13' class='toggler   '  role='tab' tabindex='0' aria-controls='toggle-id-13'>MITO las mujeres no cometen abuso sexual. <span class=\"toggle_icon\"><span class=\"vert_icon\"><\/span><span class=\"hor_icon\"><\/span><\/span><\/p><div id='toggle-id-13' class='toggle_wrap  '  ><div class='toggle_content invers-color ' ><p><strong>REALIDAD<\/strong>\u00a0los estudios muestran que 98% de los perpetradores de abuso sexual son hombres; sin embargo, las mujeres son a veces agresoras sexuales <sup>(19)<\/sup>. Los casos de mujeres abusando a otras mujeres son ocultados por la invisibilidad de las relaciones lesbianas y las presunciones sobre la naturaleza inherentemente gentil de las mujeres. Los casos de mujeres violando a hombres son raros, pero no desconocidos. La mayor\u00eda de las denuncias son de una mujer perpetradora junto con un hombre perpetrador, un grupo de mujeres atacando a una v\u00edctima masculina o una mujer explotando la inhabilidad de un hombre de resistirse debido a la intoxicaci\u00f3n u otras condiciones.<\/p>\n<\/div><\/div><\/div><\/section>\n<section class='av_toggle_section av-rtw92-0b1831c76d5eb570adea4633382d78cc' ><div role=\"tablist\" class=\"single_toggle\" data-tags=\"{Todo} \"  ><p data-fake-id='#toggle-id-14' class='toggler   '  role='tab' tabindex='0' aria-controls='toggle-id-14'>MITO hay una \u201cmanera correcta\u201d de responder a una situaci\u00f3n de violaci\u00f3n. Es solamente violaci\u00f3n si la v\u00edctima pelea y se resiste. <span class=\"toggle_icon\"><span class=\"vert_icon\"><\/span><span class=\"hor_icon\"><\/span><\/span><\/p><div id='toggle-id-14' class='toggle_wrap  '  ><div class='toggle_content invers-color ' ><p><strong>REALIDAD<\/strong>\u00a0la violaci\u00f3n es una experiencia que pone a la vida en riesgo y cada perpetrador es diferente.\u00a0 Por lo tanto, lo mejor que una v\u00edctima puede hacer para sobrevivir es guiarse por sus instintos y su intuici\u00f3n. Muchas v\u00edctimas no resisten los ataques por temor a la violencia, est\u00e1n intoxicadas, han sido sociabilizadas para ser pasivas o porque conocen al perpetrador. Una v\u00edctima puede cooperar con el perpetrador para sobrevivir el abuso. Sin embargo, esto no es consentimiento; est\u00e1n utilizando su sentido com\u00fan para sobrevivir.<\/p>\n<\/div><\/div><\/div><\/section>\n<section class='av_toggle_section av-jmr92-1eb406142ef1dd4fffc1c0f600a48e7b' ><div role=\"tablist\" class=\"single_toggle\" data-tags=\"{Todo} \"  ><p data-fake-id='#toggle-id-15' class='toggler   '  role='tab' tabindex='0' aria-controls='toggle-id-15'>MITO una persona que ha sido abusada sexualmente estar\u00e1 hist\u00e9rica <span class=\"toggle_icon\"><span class=\"vert_icon\"><\/span><span class=\"hor_icon\"><\/span><\/span><\/p><div id='toggle-id-15' class='toggle_wrap  '  ><div class='toggle_content invers-color ' ><p><strong>REALIDAD<\/strong>\u00a0los sobrevivientes a la violencia sexual exhiben una variedad de respuestas que pueden ser: calma, p\u00e1nico, abandono, enojo, miedo, tristeza, apat\u00eda, negaci\u00f3n y shock. Los sobrevivientes pueden llorar, gritar, sentarse callados, re\u00edrse hist\u00e9ricamente o parecer distantes. No existe la \u201cmanera correcta\u201d de reaccionar al abuso sexual. Cada sobreviviente supera el trauma de manera diferente, que puede variar con el tiempo.<\/p>\n<\/div><\/div><\/div><\/section>\n<section class='av_toggle_section av-e8iyu-630e93205efa53a885447ee5aad4f032' ><div role=\"tablist\" class=\"single_toggle\" data-tags=\"{Todo} \"  ><p data-fake-id='#toggle-id-16' class='toggler   '  role='tab' tabindex='0' aria-controls='toggle-id-16'>MITO la mejor manera para que los sobrevivientes superen el abuso sexual es actuar como si no hubiera sucedido y continuar con su vida. <span class=\"toggle_icon\"><span class=\"vert_icon\"><\/span><span class=\"hor_icon\"><\/span><\/span><\/p><div id='toggle-id-16' class='toggle_wrap  '  ><div class='toggle_content invers-color ' ><p><strong>REALIDAD<\/strong>\u00a0la violaci\u00f3n tiene un efecto devastador en la salud mental de los sobrevivientes. Entre 50% y 95% desarrolla el trastorno de estr\u00e9s postraum\u00e1tico <sup>(20)<\/sup>. El proceso de sanaci\u00f3n var\u00eda para cada sobreviviente. Todos los sobrevivientes tienen el derecho de recibir apoyo y validaci\u00f3n de sus amigos, familia y los proveedores de servicios, sin importar d\u00f3nde se encuentran en el proceso de sanaci\u00f3n o hace cu\u00e1nto tiempo ocurri\u00f3 el abuso.<\/p>\n<\/div><\/div><\/div><\/section>\n<\/div><br \/>\n\n<style type=\"text\/css\" data-created_by=\"avia_inline_auto\" id=\"style-css-av-jko1q95q-26d1a2705a22934ffaeee0dc21301c86\">\n#top .hr.hr-invisible.av-jko1q95q-26d1a2705a22934ffaeee0dc21301c86{\nheight:25px;\n}\n<\/style>\n<div  class='hr av-jko1q95q-26d1a2705a22934ffaeee0dc21301c86 hr-invisible  avia-builder-el-5  el_after_av_toggle_container  el_before_av_heading '><span class='hr-inner '><span class=\"hr-inner-style\"><\/span><\/span><\/div><br \/>\n\n<style type=\"text\/css\" data-created_by=\"avia_inline_auto\" id=\"style-css-av-apn2e-6dc83f18753ede9b4b526995bf209b33\">\n#top .av-special-heading.av-apn2e-6dc83f18753ede9b4b526995bf209b33{\npadding-bottom:10px;\n}\nbody .av-special-heading.av-apn2e-6dc83f18753ede9b4b526995bf209b33 .av-special-heading-tag .heading-char{\nfont-size:25px;\n}\n.av-special-heading.av-apn2e-6dc83f18753ede9b4b526995bf209b33 .av-subheading{\nfont-size:15px;\n}\n<\/style>\n<div  class='av-special-heading av-apn2e-6dc83f18753ede9b4b526995bf209b33 av-special-heading-h3  avia-builder-el-6  el_after_av_hr  el_before_av_textblock '><h3 class='av-special-heading-tag'  >Referencias<\/h3><div class=\"special-heading-border\"><div class=\"special-heading-inner-border\"><\/div><\/div><\/div><br \/>\n<section  class='av_textblock_section av-7eq7a-eb995bdc4211a365bbb801ae5f1e461d '  ><div class='avia_textblock' ><ul>\n<li>(1) Special thanks to the California, Colorado, and Illinois Coalitions Against Sexual Assault and Gillian Greensite\u2019s \u201cRape Myths\u201d for the information contained in this section.<\/li>\n<li>(2)Kilpatrick D.G., Edmunds, C.N. &amp; Seymour, A. Rape in America: A Report to the Nation. Arlington, VA: National Victim Center, 1992.<\/li>\n<li>(3) Bureau of Justice Statistics, 2000.<\/li>\n<li>(4) Kilpatrick D.G., Edmunds CN, Seymour A, 1992. Rape in America: A Report to the Nation, Arlington VA; National Victim Center.<\/li>\n<li>\u00a0(5) Tjaden P, Thoennes N. Full report of the prevalence, incidence, and consequences of violence against women: findings from the national violence against women survey. Washington (DC): National Institute of Justice; 2000. Report NCJ 183781.<\/li>\n<li>(6) Bureau of Justice Statistics. Sex Offenses and Offenders 1997. Washington, D.C.: U.S. Department of Justice.<\/li>\n<li>(7) Shanta Dube, M.P.H., U.S. Centers for Disease Control and Prevention, Atlanta; Kathleen Kendall-Tackett, Ph.D., Family Research Laboratory, University of New Hampshire, Durham; June 2005, American Journal of Preventive Medicine<\/li>\n<li>(8) Kilpatrick DJ, Edmunds CN, Seymour A, 1992. Rape in America: A Report to the Nation, Arlington VA; National Victim Center.<\/li>\n<li>(9) Department of Justice. Criminal victimization 2002. Washington (DC): U.S. Government Printing Office; 2003.<\/li>\n<li>(10) Stimson, L. and Best, M.C. Courage Above All: Sexual Assault Among Women with Disabilities. Toronto, Disabled Women\u2019s Network Canada, 1991.<\/li>\n<li>(11)Balderian, N. (1991). \u201cSexual Abuse of People with Developmental Disabilities.\u201d Sexuality and Disability, 9 (4), 323-335.<\/li>\n<li>(12)Koss, MP, 1998. \u201cHidden Rape: Incident, Prevalence and Descriptive Characteristics of Sexual Aggression and Victimization in a National Sample of College Students.\u201d Rape and Sexual Assault, Vol. II (ed.) AW Burgess. New York: Garland Publishing Co.<\/li>\n<li>(13) Russell, D.E. Rape in Marriage. Indiana University Press, Indianapolis, IN, 1990.<\/li>\n<li>(14) U.S. Department of Justice, 1994. Violence Against Women. Rockville, Maryland: Bureau of Justice Statistics, U.S. Department of Justice.<\/li>\n<li>(15) Greenfield, Lawrence A., 1997. Sex Offenses and Offenders: An Analysis of Data on Rape and Sexual Assault. Washington D.C.: Bureau of Justice Statistics, Office of Justice Programs, U.S. Department of Justice.<\/li>\n<li>(16) The Council on Sexual Assault and Domestic Violence, Sioux City, Iowa. www.safefromabuse.com<\/li>\n<li>(17) A. Nicholas Groth with H. Jean Birnbaum, Men Who Rape: The Psychology of the Offender (New York: Plenum Press, 1980).<\/li>\n<li>(18) Peggy Reeves Sanday, \u201cThe Socio-Cultural Context of Rape: A Cross-Cultural Study,\u201d Journal of Social Issues 37, no. 4 (1981).<\/li>\n<li>(19) Bureau of Justice Statistics (2000). Women Offenders. Washington D.C., U.S. Department of Justice<\/li>\n<li>(20)Population Information Program, 2000.<\/li>\n<\/ul>\n<\/div><\/section><\/p><\/div>\n","protected":false},"excerpt":{"rendered":"","protected":false},"author":1,"featured_media":0,"parent":1450,"menu_order":0,"comment_status":"closed","ping_status":"closed","template":"","meta":{"_price":"","_stock":"","_tribe_ticket_header":"","_tribe_default_ticket_provider":"","_ticket_start_date":"","_ticket_end_date":"","_tribe_ticket_show_description":"","_tribe_ticket_show_not_going":false,"_tribe_ticket_use_global_stock":"","_tribe_ticket_global_stock_level":"","_global_stock_mode":"","_global_stock_cap":"","_tribe_rsvp_for_event":"","_tribe_ticket_going_count":"","_tribe_ticket_not_going_count":"","_tribe_tickets_list":"[]","_tribe_ticket_has_attendee_info_fields":false,"footnotes":"","_tec_slr_enabled":"","_tec_slr_layout":""},"class_list":["post-1468","page","type-page","status-publish","hentry"],"ticketed":false,"_links":{"self":[{"href":"https:\/\/sbstesa.org\/es\/wp-json\/wp\/v2\/pages\/1468","targetHints":{"allow":["GET"]}}],"collection":[{"href":"https:\/\/sbstesa.org\/es\/wp-json\/wp\/v2\/pages"}],"about":[{"href":"https:\/\/sbstesa.org\/es\/wp-json\/wp\/v2\/types\/page"}],"author":[{"embeddable":true,"href":"https:\/\/sbstesa.org\/es\/wp-json\/wp\/v2\/users\/1"}],"replies":[{"embeddable":true,"href":"https:\/\/sbstesa.org\/es\/wp-json\/wp\/v2\/comments?post=1468"}],"version-history":[{"count":3,"href":"https:\/\/sbstesa.org\/es\/wp-json\/wp\/v2\/pages\/1468\/revisions"}],"predecessor-version":[{"id":1596,"href":"https:\/\/sbstesa.org\/es\/wp-json\/wp\/v2\/pages\/1468\/revisions\/1596"}],"up":[{"embeddable":true,"href":"https:\/\/sbstesa.org\/es\/wp-json\/wp\/v2\/pages\/1450"}],"wp:attachment":[{"href":"https:\/\/sbstesa.org\/es\/wp-json\/wp\/v2\/media?parent=1468"}],"curies":[{"name":"wp","href":"https:\/\/api.w.org\/{rel}","templated":true}]}}