{"id":1474,"date":"2019-02-18T21:35:55","date_gmt":"2019-02-18T21:35:55","guid":{"rendered":"https:\/\/sbstesa.org\/get-involved\/"},"modified":"2023-05-28T12:30:09","modified_gmt":"2023-05-28T12:30:09","slug":"get-involved","status":"publish","type":"page","link":"https:\/\/sbstesa.org\/es\/get-involved\/","title":{"rendered":"PARTICIPE"},"content":{"rendered":"<div id='each_service'  class='avia-section av-cwv1l-9660f728cfe53d6e584507c6be953aa8 main_color avia-section-default avia-no-shadow  avia-builder-el-0  el_before_av_section  avia-builder-el-first  avia-bg-style-scroll container_wrap sidebar_right'  ><div class='container av-section-cont-open' ><main  class='template-page content  av-content-small alpha units'><div class='post-entry post-entry-type-page post-entry-1474'><div class='entry-content-wrapper clearfix'>\n\n<style type=\"text\/css\" data-created_by=\"avia_inline_auto\" id=\"style-css-av-cfjnx-06d1c6f0a98de062784bbf3bd5d58200\">\n#top .av-special-heading.av-cfjnx-06d1c6f0a98de062784bbf3bd5d58200{\nmargin:0 0 50px 0;\npadding-bottom:10px;\ncolor:#000000;\n}\nbody .av-special-heading.av-cfjnx-06d1c6f0a98de062784bbf3bd5d58200 .av-special-heading-tag .heading-char{\nfont-size:25px;\n}\n.av-special-heading.av-cfjnx-06d1c6f0a98de062784bbf3bd5d58200 .special-heading-inner-border{\nborder-color:#000000;\n}\n.av-special-heading.av-cfjnx-06d1c6f0a98de062784bbf3bd5d58200 .av-subheading{\nfont-size:15px;\n}\n<\/style>\n<div  class='av-special-heading av-cfjnx-06d1c6f0a98de062784bbf3bd5d58200 av-special-heading-h1 custom-color-heading blockquote modern-quote modern-centered  avia-builder-el-1  el_before_av_one_half  avia-builder-el-first '><h1 class='av-special-heading-tag'  >HAGA UNA DONACI\u00d3N<\/h1><div class=\"special-heading-border\"><div class=\"special-heading-inner-border\"><\/div><\/div><\/div>\n\n<style type=\"text\/css\" data-created_by=\"avia_inline_auto\" id=\"style-css-av-bjl4h-143cfccd57b08e00afd9bceece1fc79d\">\n.flex_column.av-bjl4h-143cfccd57b08e00afd9bceece1fc79d{\n-webkit-border-radius:0px 0px 0px 0px;\n-moz-border-radius:0px 0px 0px 0px;\nborder-radius:0px 0px 0px 0px;\npadding:0px 0px 0px 0px;\n}\n<\/style>\n<div  class='flex_column av-bjl4h-143cfccd57b08e00afd9bceece1fc79d av_one_half  avia-builder-el-2  el_after_av_heading  el_before_av_one_half  first flex_column_div av-zero-column-padding  '     ><style type=\"text\/css\" data-created_by=\"avia_inline_auto\" id=\"style-css-av-ayjhh-140d5ab5d4282ed7a414e0a4d79c23ed\">\n.avia-image-container.av-ayjhh-140d5ab5d4282ed7a414e0a4d79c23ed img.avia_image{\nbox-shadow:none;\n}\n.avia-image-container.av-ayjhh-140d5ab5d4282ed7a414e0a4d79c23ed .av-image-caption-overlay-center{\ncolor:#ffffff;\n}\n<\/style>\n<div  class='avia-image-container av-ayjhh-140d5ab5d4282ed7a414e0a4d79c23ed av-styling- avia-align-center  avia-builder-el-3  avia-builder-el-no-sibling '  ><div class=\"avia-image-container-inner\"><div class=\"avia-image-overlay-wrap\"><img decoding=\"async\" class='wp-image-1364 avia-img-lazy-loading-not-1364 avia_image ' src=\"https:\/\/sbstesa.org\/wp-content\/uploads\/2018\/04\/Donate.jpg\" alt='' title='Donate'  height=\"576\" width=\"818\" srcset=\"https:\/\/sbstesa.org\/wp-content\/uploads\/2018\/04\/Donate.jpg 818w, https:\/\/sbstesa.org\/wp-content\/uploads\/2018\/04\/Donate-300x211.jpg 300w, https:\/\/sbstesa.org\/wp-content\/uploads\/2018\/04\/Donate-768x541.jpg 768w, https:\/\/sbstesa.org\/wp-content\/uploads\/2018\/04\/Donate-705x496.jpg 705w, https:\/\/sbstesa.org\/wp-content\/uploads\/2018\/04\/Donate-450x317.jpg 450w\" sizes=\"(max-width: 818px) 100vw, 818px\" \/><\/div><\/div><\/div><\/div>\n<style type=\"text\/css\" data-created_by=\"avia_inline_auto\" id=\"style-css-av-11bu9-43e4b68dd975c095deb73c457b557271\">\n.flex_column.av-11bu9-43e4b68dd975c095deb73c457b557271{\n-webkit-border-radius:0px 0px 0px 0px;\n-moz-border-radius:0px 0px 0px 0px;\nborder-radius:0px 0px 0px 0px;\npadding:0px 0px 0px 0px;\n}\n<\/style>\n<div  class='flex_column av-11bu9-43e4b68dd975c095deb73c457b557271 av_one_half  avia-builder-el-4  el_after_av_one_half  avia-builder-el-last  border-section flex_column_div av-zero-column-padding  '     ><p>\n<style type=\"text\/css\" data-created_by=\"avia_inline_auto\" id=\"style-css-av-9rz2t-7c19c4026c5c7874d6b8d6082ccbfd4e\">\n#top .av_textblock_section.av-9rz2t-7c19c4026c5c7874d6b8d6082ccbfd4e .avia_textblock{\ncolor:#000000;\n}\n<\/style>\n<section  class='av_textblock_section av-9rz2t-7c19c4026c5c7874d6b8d6082ccbfd4e '  ><div class='avia_textblock av_inherit_color' ><p>Por m\u00e1s de 40 a\u00f1os, Standing Together to End Sexual Assault ha transformado las vidas de miles de sobrevivientes de abuso sexual y de sus seres queridos. Sus contribuciones han ayudado a crear un lugar seguro y fortalecedor donde los sobrevivientes y sus seres queridos pueden curarse de los devastadores efectos del abuso sexual.<\/p>\n<p>Con su ayuda, hemos educado y fortalecido a nuestra comunidad para tomar los pasos necesarios para eliminar el abuso sexual. A trav\u00e9s de campa\u00f1as de concientizaci\u00f3n y presentaciones sobre prevenci\u00f3n, alumnos, el comercio y l\u00edderes gubernamentales, miembros de la comunidad religiosa y todo tipo de miembros de la comunidad han descubierto el papel que cada uno juega en eliminar el abuso sexual.<\/p>\n<p>Su apoyo a nuestros servicios contribuye a que Santa B\u00e1rbara sea un lugar m\u00e1s seguro. \u00a1Por favor, haga una contribuci\u00f3n hoy!<\/p>\n<\/div><\/section><br \/>\n<div  class='avia-button-wrap av-925ix-754b1f38090fd8ba5e87e2f282ec5d94-wrap avia-button-left  avia-builder-el-6  el_after_av_textblock  avia-builder-el-last  btn_style'>\n<style type=\"text\/css\" data-created_by=\"avia_inline_auto\" id=\"style-css-av-925ix-754b1f38090fd8ba5e87e2f282ec5d94\">\n#top #wrap_all .avia-button.av-925ix-754b1f38090fd8ba5e87e2f282ec5d94{\nbackground-color:#00a0b0;\nborder-color:#00a0b0;\ncolor:#ffffff;\n-webkit-transition:all 0.4s ease-in-out;\n-moz-transition:all 0.4s ease-in-out;\n-ms-transition:all 0.4s ease-in-out;\n-o-transition:all 0.4s ease-in-out;\ntransition:all 0.4s ease-in-out;\n}\n<\/style>\n<a href='https:\/\/sbstesa.org\/donacion\/?lang=es'  class='avia-button av-925ix-754b1f38090fd8ba5e87e2f282ec5d94 avia-icon_select-no avia-size-small avia-position-left'  ><span class='avia_iconbox_title' >DONE AHORA<\/span><\/a><\/div><\/p><\/div><\/div><\/div><\/main><!-- close content main element --><\/div><\/div>\n<style type=\"text\/css\" data-created_by=\"avia_inline_auto\" id=\"style-css-av-8umb1-54d861fde6f9f814de187f6cab88b2d4\">\n.avia-section.av-8umb1-54d861fde6f9f814de187f6cab88b2d4 .av-section-color-overlay{\nopacity:0.9;\nbackground-color:#e9e9e9;\n}\n<\/style>\n<div id='each_service'  class='avia-section av-8umb1-54d861fde6f9f814de187f6cab88b2d4 main_color avia-section-default avia-no-shadow  avia-builder-el-7  el_after_av_section  el_before_av_section  avia-bg-style-scroll av-section-color-overlay-active container_wrap sidebar_right'  ><div class=\"av-section-color-overlay-wrap\"><div class=\"av-section-color-overlay\"><\/div><div class='container av-section-cont-open' ><div class='template-page content  av-content-small alpha units'><div class='post-entry post-entry-type-page post-entry-1474'><div class='entry-content-wrapper clearfix'>\n\n<style type=\"text\/css\" data-created_by=\"avia_inline_auto\" id=\"style-css-av-li7givzt-cb6216137c8cbd9ab779ece984cc591f\">\n#top .av-special-heading.av-li7givzt-cb6216137c8cbd9ab779ece984cc591f{\nmargin:0 0 50px 0;\npadding-bottom:10px;\ncolor:#000000;\n}\nbody .av-special-heading.av-li7givzt-cb6216137c8cbd9ab779ece984cc591f .av-special-heading-tag .heading-char{\nfont-size:25px;\n}\n.av-special-heading.av-li7givzt-cb6216137c8cbd9ab779ece984cc591f .special-heading-inner-border{\nborder-color:#000000;\n}\n.av-special-heading.av-li7givzt-cb6216137c8cbd9ab779ece984cc591f .av-subheading{\nfont-size:15px;\n}\n<\/style>\n<div  class='av-special-heading av-li7givzt-cb6216137c8cbd9ab779ece984cc591f av-special-heading-h2 custom-color-heading blockquote modern-quote modern-centered  avia-builder-el-8  el_before_av_one_half  avia-builder-el-first '><h2 class='av-special-heading-tag'  >SEA VOLUNTARIO<\/h2><div class=\"special-heading-border\"><div class=\"special-heading-inner-border\"><\/div><\/div><\/div>\n\n<style type=\"text\/css\" data-created_by=\"avia_inline_auto\" id=\"style-css-av-7oikd-dd27851649e71c67b4f2ea2adad7899c\">\n.flex_column.av-7oikd-dd27851649e71c67b4f2ea2adad7899c{\n-webkit-border-radius:0px 0px 0px 0px;\n-moz-border-radius:0px 0px 0px 0px;\nborder-radius:0px 0px 0px 0px;\npadding:0px 0px 0px 0px;\n}\n<\/style>\n<div  class='flex_column av-7oikd-dd27851649e71c67b4f2ea2adad7899c av_one_half  avia-builder-el-9  el_after_av_heading  el_before_av_one_half  border-section first flex_column_div av-zero-column-padding  '     ><p>\n<style type=\"text\/css\" data-created_by=\"avia_inline_auto\" id=\"style-css-av-6xxmd-99dbcc429363ecc8cf26af83cebb25ab\">\n#top .av_textblock_section.av-6xxmd-99dbcc429363ecc8cf26af83cebb25ab .avia_textblock{\ncolor:#000000;\n}\n<\/style>\n<section  class='av_textblock_section av-6xxmd-99dbcc429363ecc8cf26af83cebb25ab '  ><div class='avia_textblock av_inherit_color' ><p>Los voluntarios ofrecen una red de apoyo vital para Standing Together to End Sexual Assault, ofreciendo m\u00e1s de 20,000 horas de servicio a la comunidad cada a\u00f1o.<\/p>\n<p>\u00a1Usted puede ser voluntario para convertirse en un consejero certificado en abuso sexual, unirse al grupo de educadores o ser parte de nuestro comit\u00e9 directivo para nuestra campa\u00f1a del pr\u00f3ximo Mes de Concientizaci\u00f3n sobre el Abuso Sexual!<\/p>\n<\/div><\/section><br \/>\n<div  class='avia-button-wrap av-61cxp-f5ce1baf7ce3475f4ebde035f12d8d12-wrap avia-button-left  avia-builder-el-11  el_after_av_textblock  avia-builder-el-last  btn_style'>\n<style type=\"text\/css\" data-created_by=\"avia_inline_auto\" id=\"style-css-av-61cxp-f5ce1baf7ce3475f4ebde035f12d8d12\">\n#top #wrap_all .avia-button.av-61cxp-f5ce1baf7ce3475f4ebde035f12d8d12{\nbackground-color:#7f4197;\nborder-color:#7f4197;\ncolor:#ffffff;\n-webkit-transition:all 0.4s ease-in-out;\n-moz-transition:all 0.4s ease-in-out;\n-ms-transition:all 0.4s ease-in-out;\n-o-transition:all 0.4s ease-in-out;\ntransition:all 0.4s ease-in-out;\n}\n<\/style>\n<a href='https:\/\/sbstesa.org\/volunteer-2\/?lang=es'  class='avia-button av-61cxp-f5ce1baf7ce3475f4ebde035f12d8d12 avia-icon_select-no avia-size-small avia-position-left'  ><span class='avia_iconbox_title' >SEA VOLUNTARIO<\/span><\/a><\/div><\/p><\/div>\n<style type=\"text\/css\" data-created_by=\"avia_inline_auto\" id=\"style-css-av-5g7a9-03dd7e6e491f50e277b85c8344ea51a2\">\n.flex_column.av-5g7a9-03dd7e6e491f50e277b85c8344ea51a2{\n-webkit-border-radius:0px 0px 0px 0px;\n-moz-border-radius:0px 0px 0px 0px;\nborder-radius:0px 0px 0px 0px;\npadding:0px 0px 0px 0px;\n}\n<\/style>\n<div  class='flex_column av-5g7a9-03dd7e6e491f50e277b85c8344ea51a2 av_one_half  avia-builder-el-12  el_after_av_one_half  avia-builder-el-last  flex_column_div av-zero-column-padding  '     ><style type=\"text\/css\" data-created_by=\"avia_inline_auto\" id=\"style-css-av-59x1t-9bc3bc1597e6b05942b846f927f08024\">\n.avia-image-container.av-59x1t-9bc3bc1597e6b05942b846f927f08024 img.avia_image{\nbox-shadow:none;\n}\n.avia-image-container.av-59x1t-9bc3bc1597e6b05942b846f927f08024 .av-image-caption-overlay-center{\ncolor:#ffffff;\n}\n<\/style>\n<div  class='avia-image-container av-59x1t-9bc3bc1597e6b05942b846f927f08024 av-styling- avia-align-center  avia-builder-el-13  avia-builder-el-no-sibling '  ><div class=\"avia-image-container-inner\"><div class=\"avia-image-overlay-wrap\"><img decoding=\"async\" class='wp-image-1631 avia-img-lazy-loading-not-1631 avia_image ' src=\"https:\/\/sbstesa.org\/wp-content\/uploads\/2019\/04\/Volunteer-brochure29-300x264.jpg\" alt='' title='Volunteer - brochure29'  height=\"264\" width=\"300\" srcset=\"https:\/\/sbstesa.org\/wp-content\/uploads\/2019\/04\/Volunteer-brochure29-300x264.jpg 300w, https:\/\/sbstesa.org\/wp-content\/uploads\/2019\/04\/Volunteer-brochure29-450x396.jpg 450w, https:\/\/sbstesa.org\/wp-content\/uploads\/2019\/04\/Volunteer-brochure29.jpg 451w\" sizes=\"(max-width: 300px) 100vw, 300px\" \/><\/div><\/div><\/div><\/div>\n<\/p>\n<\/div><\/div><\/div><!-- close content main div --><\/div><\/div><\/div><div id='each_service'  class='avia-section av-4cdsp-6fe4689533843230a86aa650f0b0c225 main_color avia-section-default avia-no-shadow  avia-builder-el-14  el_after_av_section  avia-builder-el-last  avia-bg-style-scroll container_wrap sidebar_right'  ><div class='container av-section-cont-open' ><div class='template-page content  av-content-small alpha units'><div class='post-entry post-entry-type-page post-entry-1474'><div class='entry-content-wrapper clearfix'>\n\n<style type=\"text\/css\" data-created_by=\"avia_inline_auto\" id=\"style-css-av-41j7l-25204285efd91b7534656e8b4939fd5d\">\n#top .av-special-heading.av-41j7l-25204285efd91b7534656e8b4939fd5d{\nmargin:0 0 50px 0;\npadding-bottom:10px;\ncolor:#000000;\n}\nbody .av-special-heading.av-41j7l-25204285efd91b7534656e8b4939fd5d .av-special-heading-tag .heading-char{\nfont-size:25px;\n}\n.av-special-heading.av-41j7l-25204285efd91b7534656e8b4939fd5d .special-heading-inner-border{\nborder-color:#000000;\n}\n.av-special-heading.av-41j7l-25204285efd91b7534656e8b4939fd5d .av-subheading{\nfont-size:15px;\n}\n<\/style>\n<div  class='av-special-heading av-41j7l-25204285efd91b7534656e8b4939fd5d av-special-heading-h2 custom-color-heading blockquote modern-quote modern-centered  avia-builder-el-15  el_before_av_one_half  avia-builder-el-first '><h2 class='av-special-heading-tag'  >AY\u00daDENOS A ELIMINAR LA VIOLENCIA SEXUAL <\/h2><div class=\"special-heading-border\"><div class=\"special-heading-inner-border\"><\/div><\/div><\/div>\n\n<style type=\"text\/css\" data-created_by=\"avia_inline_auto\" id=\"style-css-av-37z61-0239194700d9d4f8b2a3868a93df46d0\">\n.flex_column.av-37z61-0239194700d9d4f8b2a3868a93df46d0{\n-webkit-border-radius:0px 0px 0px 0px;\n-moz-border-radius:0px 0px 0px 0px;\nborder-radius:0px 0px 0px 0px;\npadding:0px 0px 0px 0px;\n}\n<\/style>\n<div  class='flex_column av-37z61-0239194700d9d4f8b2a3868a93df46d0 av_one_half  avia-builder-el-16  el_after_av_heading  el_before_av_one_half  first flex_column_div av-zero-column-padding  '     ><style type=\"text\/css\" data-created_by=\"avia_inline_auto\" id=\"style-css-av-2hp99-5596135e29fc883d9d714ce786129a63\">\n.avia-image-container.av-2hp99-5596135e29fc883d9d714ce786129a63 img.avia_image{\nbox-shadow:none;\n}\n.avia-image-container.av-2hp99-5596135e29fc883d9d714ce786129a63 .av-image-caption-overlay-center{\ncolor:#ffffff;\n}\n<\/style>\n<div  class='avia-image-container av-2hp99-5596135e29fc883d9d714ce786129a63 av-styling- avia-align-center  avia-builder-el-17  avia-builder-el-no-sibling '  ><div class=\"avia-image-container-inner\"><div class=\"avia-image-overlay-wrap\"><img decoding=\"async\" class='wp-image-1395 avia-img-lazy-loading-not-1395 avia_image ' src=\"https:\/\/sbstesa.org\/wp-content\/uploads\/2018\/05\/help_end_sexual_violence.jpg\" alt='' title='help_end_sexual_violence'  height=\"342\" width=\"461\" srcset=\"https:\/\/sbstesa.org\/wp-content\/uploads\/2018\/05\/help_end_sexual_violence.jpg 461w, https:\/\/sbstesa.org\/wp-content\/uploads\/2018\/05\/help_end_sexual_violence-300x223.jpg 300w, https:\/\/sbstesa.org\/wp-content\/uploads\/2018\/05\/help_end_sexual_violence-450x334.jpg 450w\" sizes=\"(max-width: 461px) 100vw, 461px\" \/><\/div><\/div><\/div><\/div>\n<style type=\"text\/css\" data-created_by=\"avia_inline_auto\" id=\"style-css-av-24w2h-e326c43a0fa500e7156da80d83a3a9b4\">\n.flex_column.av-24w2h-e326c43a0fa500e7156da80d83a3a9b4{\n-webkit-border-radius:0px 0px 0px 0px;\n-moz-border-radius:0px 0px 0px 0px;\nborder-radius:0px 0px 0px 0px;\npadding:0px 0px 0px 0px;\n}\n<\/style>\n<div  class='flex_column av-24w2h-e326c43a0fa500e7156da80d83a3a9b4 av_one_half  avia-builder-el-18  el_after_av_one_half  avia-builder-el-last  border-section flex_column_div av-zero-column-padding  '     ><p>\n<style type=\"text\/css\" data-created_by=\"avia_inline_auto\" id=\"style-css-av-1guv9-daa52a3f426b66ba82ccbf527068fc42\">\n#top .av_textblock_section.av-1guv9-daa52a3f426b66ba82ccbf527068fc42 .avia_textblock{\ncolor:#000000;\n}\n<\/style>\n<section  class='av_textblock_section av-1guv9-daa52a3f426b66ba82ccbf527068fc42 '  ><div class='avia_textblock av_inherit_color' ><p>El abuso sexual es un problema arraigado en las expectativas sociales en cuanto al g\u00e9nero, poder y sexualidad. Para eliminar este tipo de violencia, debemos examinar las maneras en que nuestro propio comportamiento refuerza expectativas da\u00f1inas. Solamente podemos mover a nuestra sociedad de una cultura de violaci\u00f3n a una cultura de consentimiento al observar m\u00e1s detalladamente nuestras creencias y prejuicios.<\/p>\n<\/div><\/section><br \/>\n<div  class='avia-button-wrap av-16nl1-95d3c0ac8a9d18e28fc04c4ac2a610a7-wrap avia-button-left  avia-builder-el-20  el_after_av_textblock  avia-builder-el-last  btn_style'>\n<style type=\"text\/css\" data-created_by=\"avia_inline_auto\" id=\"style-css-av-16nl1-95d3c0ac8a9d18e28fc04c4ac2a610a7\">\n#top #wrap_all .avia-button.av-16nl1-95d3c0ac8a9d18e28fc04c4ac2a610a7{\nbackground-color:#8dc641;\nborder-color:#8dc641;\ncolor:#ffffff;\n-webkit-transition:all 0.4s ease-in-out;\n-moz-transition:all 0.4s ease-in-out;\n-ms-transition:all 0.4s ease-in-out;\n-o-transition:all 0.4s ease-in-out;\ntransition:all 0.4s ease-in-out;\n}\n<\/style>\n<a href='https:\/\/sbstesa.org\/ayude-a-eliminar-la-violencia-sexual\/?lang=es'  class='avia-button av-16nl1-95d3c0ac8a9d18e28fc04c4ac2a610a7 avia-icon_select-no avia-size-small avia-position-left'  ><span class='avia_iconbox_title' >M\u00c1S INFORMACI\u00d3N<\/span><\/a><\/div><\/p><\/div>\n<\/div><\/div><\/div><!-- close content main div --><\/div><\/div><div id='after_section_3'  class='main_color av_default_container_wrap container_wrap sidebar_right'  ><div class='container av-section-cont-open' ><div class='template-page content  av-content-small alpha units'><div class='post-entry post-entry-type-page post-entry-1474'><div class='entry-content-wrapper clearfix'>\n","protected":false},"excerpt":{"rendered":"","protected":false},"author":1,"featured_media":0,"parent":0,"menu_order":0,"comment_status":"closed","ping_status":"closed","template":"","meta":{"_price":"","_stock":"","_tribe_ticket_header":"","_tribe_default_ticket_provider":"","_ticket_start_date":"","_ticket_end_date":"","_tribe_ticket_show_description":"","_tribe_ticket_show_not_going":false,"_tribe_ticket_use_global_stock":"","_tribe_ticket_global_stock_level":"","_global_stock_mode":"","_global_stock_cap":"","_tribe_rsvp_for_event":"","_tribe_ticket_going_count":"","_tribe_ticket_not_going_count":"","_tribe_tickets_list":"[]","_tribe_ticket_has_attendee_info_fields":false,"footnotes":"","_tec_slr_enabled":"","_tec_slr_layout":""},"class_list":["post-1474","page","type-page","status-publish","hentry"],"ticketed":false,"_links":{"self":[{"href":"https:\/\/sbstesa.org\/es\/wp-json\/wp\/v2\/pages\/1474","targetHints":{"allow":["GET"]}}],"collection":[{"href":"https:\/\/sbstesa.org\/es\/wp-json\/wp\/v2\/pages"}],"about":[{"href":"https:\/\/sbstesa.org\/es\/wp-json\/wp\/v2\/types\/page"}],"author":[{"embeddable":true,"href":"https:\/\/sbstesa.org\/es\/wp-json\/wp\/v2\/users\/1"}],"replies":[{"embeddable":true,"href":"https:\/\/sbstesa.org\/es\/wp-json\/wp\/v2\/comments?post=1474"}],"version-history":[{"count":14,"href":"https:\/\/sbstesa.org\/es\/wp-json\/wp\/v2\/pages\/1474\/revisions"}],"predecessor-version":[{"id":7364,"href":"https:\/\/sbstesa.org\/es\/wp-json\/wp\/v2\/pages\/1474\/revisions\/7364"}],"wp:attachment":[{"href":"https:\/\/sbstesa.org\/es\/wp-json\/wp\/v2\/media?parent=1474"}],"curies":[{"name":"wp","href":"https:\/\/api.w.org\/{rel}","templated":true}]}}