{"id":1477,"date":"2019-02-18T21:44:06","date_gmt":"2019-02-18T21:44:06","guid":{"rendered":"https:\/\/sbstesa.org\/sea-voluntario\/"},"modified":"2023-06-13T22:22:49","modified_gmt":"2023-06-13T22:22:49","slug":"volunteer","status":"publish","type":"page","link":"https:\/\/sbstesa.org\/es\/volunteer\/","title":{"rendered":"SEA VOLUNTARIO"},"content":{"rendered":"\n<style type=\"text\/css\" data-created_by=\"avia_inline_auto\" id=\"style-css-av-4huka1-3cf9dfcd95835b522fa533861068ad24\">\n.flex_column.av-4huka1-3cf9dfcd95835b522fa533861068ad24{\n-webkit-border-radius:0px 0px 0px 0px;\n-moz-border-radius:0px 0px 0px 0px;\nborder-radius:0px 0px 0px 0px;\npadding:0px 0px 0px 0px;\n}\n<\/style>\n<div  class='flex_column av-4huka1-3cf9dfcd95835b522fa533861068ad24 av_one_full  avia-builder-el-0  el_before_av_one_full  avia-builder-el-first  first flex_column_div av-zero-column-padding  '     ><style type=\"text\/css\" data-created_by=\"avia_inline_auto\" id=\"style-css-av-4f8nvl-3f812928b6af05bf977fa4d122d381bb\">\n#top .av_textblock_section.av-4f8nvl-3f812928b6af05bf977fa4d122d381bb .avia_textblock{\ncolor:#000000;\n}\n<\/style>\n<section  class='av_textblock_section av-4f8nvl-3f812928b6af05bf977fa4d122d381bb '  ><div class='avia_textblock av_inherit_color' ><h1 class=\"av-special-heading-tag\" style=\"color: black;\" align=\"center\">SEA VOLUNTARIO<\/h1>\n<p style=\"text-align: center;\"><strong>Nuestro trabajo depende de personas como usted que ofrecen su tiempo y empat\u00eda para ayudar a sobrevivientes y eliminar el abuso sexual. Ofrecemos un n\u00famero de oportunidades para voluntarios listadas a continuaci\u00f3n. Por favor, seleccione aquellas que m\u00e1s le interesan.<\/strong><\/p>\n<\/div><\/section><\/div>\n\n<style type=\"text\/css\" data-created_by=\"avia_inline_auto\" id=\"style-css-av-47kyq1-78df5d5668fdbc3cdd60b243592fa526\">\n.flex_column.av-47kyq1-78df5d5668fdbc3cdd60b243592fa526{\n-webkit-border-radius:0px 0px 0px 0px;\n-moz-border-radius:0px 0px 0px 0px;\nborder-radius:0px 0px 0px 0px;\npadding:0px 0px 0px 0px;\n}\n<\/style>\n<div  class='flex_column av-47kyq1-78df5d5668fdbc3cdd60b243592fa526 av_one_full  avia-builder-el-2  el_after_av_one_full  el_before_av_one_half  first flex_column_div av-zero-column-padding  column-top-margin'     ><style type=\"text\/css\" data-created_by=\"avia_inline_auto\" id=\"style-css-av-40pd55-054aab80a4726cf8a77407ebf1654b42\">\n#top .av_textblock_section.av-40pd55-054aab80a4726cf8a77407ebf1654b42 .avia_textblock{\ncolor:#000000;\n}\n<\/style>\n<section  class='av_textblock_section av-40pd55-054aab80a4726cf8a77407ebf1654b42 '  ><div class='avia_textblock av_inherit_color' ><h3>APOYO PARA INTERVENCI\u00d3N DURANTE LA CRISIS<\/h3>\n<p>Requiere 60 horas de capacitaci\u00f3n y un a\u00f1o de compromiso con la l\u00ednea de apoyo. \u00a0La capacitaci\u00f3n se realiza dos veces por a\u00f1o en ingl\u00e9s y una vez por a\u00f1o en espa\u00f1ol. Los consejeros cubren un turno semanal de seis horas en la l\u00ednea de apoyo las 24 horas y ofrecen consejer\u00eda para la crisis, informaci\u00f3n, abogac\u00eda y acompa\u00f1amiento a sobrevivientes de abuso sexual, a sus seres queridos y amigos. Tambi\u00e9n brindan apoyo a los sobrevivientes y seres queridos, adem\u00e1s de servir como educadores en nuestro grupo de educadores capacitados.<\/p>\n<p>\u00a1Por favor, p\u00f3ngase en contacto con nuestra coordinadora de entrenamiento Karla Huizar para las fechas de las pr\u00f3ximas capacitaciones y para llenar su solicitud!<\/p>\n<p><b>Karla Huizar<\/b><br \/>\n805.963.6832 ext 19<br \/>\nkarla@sbstesa.org<\/p>\n<\/div><\/section><br \/>\n<div  class='avia-button-wrap av-k5ibnsn7-ce95e06107b854272cb9faffca6d725b-wrap avia-button-left  avia-builder-el-4  el_after_av_textblock  avia-builder-el-last  btn_style'>\n<style type=\"text\/css\" data-created_by=\"avia_inline_auto\" id=\"style-css-av-k5ibnsn7-ce95e06107b854272cb9faffca6d725b\">\n#top #wrap_all .avia-button.av-k5ibnsn7-ce95e06107b854272cb9faffca6d725b{\nbackground-color:#00a0b0;\nborder-color:#00a0b0;\ncolor:#ffffff;\n-webkit-transition:all 0.4s ease-in-out;\n-moz-transition:all 0.4s ease-in-out;\n-ms-transition:all 0.4s ease-in-out;\n-o-transition:all 0.4s ease-in-out;\ntransition:all 0.4s ease-in-out;\n}\n<\/style>\n<a href='\/es\/volunteer\/#volunteer_form_1'  class='avia-button av-k5ibnsn7-ce95e06107b854272cb9faffca6d725b avia-icon_select-no avia-size-medium avia-position-left'  ><span class='avia_iconbox_title' >INSCRIBASE AHORA<\/span><\/a><\/div><\/p><\/div>\n<style type=\"text\/css\" data-created_by=\"avia_inline_auto\" id=\"style-css-av-3u08l5-0e75a1dc0855da4cac7eeb52eb3688ac\">\n.flex_column.av-3u08l5-0e75a1dc0855da4cac7eeb52eb3688ac{\n-webkit-border-radius:0px 0px 0px 0px;\n-moz-border-radius:0px 0px 0px 0px;\nborder-radius:0px 0px 0px 0px;\npadding:0px 0px 0px 0px;\n}\n<\/style>\n<div  class='flex_column av-3u08l5-0e75a1dc0855da4cac7eeb52eb3688ac av_one_half  avia-builder-el-5  el_after_av_one_full  el_before_av_one_half  first flex_column_div av-zero-column-padding  column-top-margin'     ><style type=\"text\/css\" data-created_by=\"avia_inline_auto\" id=\"style-css-av-3s4yip-1e1a2d411cc1bd75fd8ebefe62c3999b\">\n#top .av_textblock_section.av-3s4yip-1e1a2d411cc1bd75fd8ebefe62c3999b .avia_textblock{\ncolor:#000000;\n}\n<\/style>\n<section  class='av_textblock_section av-3s4yip-1e1a2d411cc1bd75fd8ebefe62c3999b '  ><div class='avia_textblock av_inherit_color' ><h3>GRUPO DE EDUCADORES<\/h3>\n<p>Requiere finalizaci\u00f3n de la capacitaci\u00f3n en la l\u00ednea de apoyo m\u00e1s 12 horas de capacitaci\u00f3n adicional. Haga presentaciones de educaci\u00f3n y de prevenci\u00f3n en escuelas, universidades y grupos de la comunidad o trabaje en nuestra mesa informativa en varios eventos.<\/p>\n<\/div><\/section><\/div><\/p>\n\n<style type=\"text\/css\" data-created_by=\"avia_inline_auto\" id=\"style-css-av-3mmqpt-81eb3d6ffe56d0f4ca6a074dacaaf114\">\n.flex_column.av-3mmqpt-81eb3d6ffe56d0f4ca6a074dacaaf114{\n-webkit-border-radius:0px 0px 0px 0px;\n-moz-border-radius:0px 0px 0px 0px;\nborder-radius:0px 0px 0px 0px;\npadding:0px 0px 0px 0px;\n}\n<\/style>\n<div  class='flex_column av-3mmqpt-81eb3d6ffe56d0f4ca6a074dacaaf114 av_one_half  avia-builder-el-7  el_after_av_one_half  el_before_av_one_half  flex_column_div av-zero-column-padding  column-top-margin'     ><style type=\"text\/css\" data-created_by=\"avia_inline_auto\" id=\"style-css-av-3ejix5-aaf0e80d5c02e150b0a9cbf50aaecff6\">\n#top .av_textblock_section.av-3ejix5-aaf0e80d5c02e150b0a9cbf50aaecff6 .avia_textblock{\ncolor:#000000;\n}\n<\/style>\n<section  class='av_textblock_section av-3ejix5-aaf0e80d5c02e150b0a9cbf50aaecff6 '  ><div class='avia_textblock av_inherit_color' ><h3>MES DE CONCIENTIZACI\u00d3N SOBRE EL ABUSO SEXUAL<\/h3>\n<p>Ay\u00fadenos a crear una poderosa campa\u00f1a en la comunidad para prevenir la violencia sexual. Llame al 963-6832 ext. 12 para m\u00e1s informaci\u00f3n. Las reuniones del comit\u00e9 para esta campa\u00f1a se llevan a cabo de noviembre a mayo.<\/p>\n<\/div><\/section><\/div>\n\n<style type=\"text\/css\" data-created_by=\"avia_inline_auto\" id=\"style-css-av-366hq9-aaab6e2ebdaa796c9d8632a33a3cd9f6\">\n.flex_column.av-366hq9-aaab6e2ebdaa796c9d8632a33a3cd9f6{\n-webkit-border-radius:0px 0px 0px 0px;\n-moz-border-radius:0px 0px 0px 0px;\nborder-radius:0px 0px 0px 0px;\npadding:0px 0px 0px 0px;\n}\n<\/style>\n<div  class='flex_column av-366hq9-aaab6e2ebdaa796c9d8632a33a3cd9f6 av_one_half  avia-builder-el-9  el_after_av_one_half  el_before_av_one_half  first flex_column_div av-zero-column-padding  column-top-margin'     ><style type=\"text\/css\" data-created_by=\"avia_inline_auto\" id=\"style-css-av-34wpkx-f95b2122f854910ae00486486916f299\">\n#top .av_textblock_section.av-34wpkx-f95b2122f854910ae00486486916f299 .avia_textblock{\ncolor:#000000;\n}\n<\/style>\n<section  class='av_textblock_section av-34wpkx-f95b2122f854910ae00486486916f299 '  ><div class='avia_textblock av_inherit_color' ><h3>CONSEJER\u00cdA A LARGO PLAZO<\/h3>\n<p>Requiere finalizaci\u00f3n del entrenamiento para la l\u00ednea de apoyo m\u00e1s 20 horas adicionales de capacitaci\u00f3n. Proporcione consejer\u00eda individual y\/o grupal a sobrevivientes de abuso sexual y sus familias y amigos.<\/p>\n<\/div><\/section><\/div>\n\n<style type=\"text\/css\" data-created_by=\"avia_inline_auto\" id=\"style-css-av-2u0s0h-49000a131bea6a4244af4662a95cf24e\">\n.flex_column.av-2u0s0h-49000a131bea6a4244af4662a95cf24e{\n-webkit-border-radius:0px 0px 0px 0px;\n-moz-border-radius:0px 0px 0px 0px;\nborder-radius:0px 0px 0px 0px;\npadding:0px 0px 0px 0px;\n}\n<\/style>\n<div  class='flex_column av-2u0s0h-49000a131bea6a4244af4662a95cf24e av_one_half  avia-builder-el-11  el_after_av_one_half  el_before_av_one_half  flex_column_div av-zero-column-padding  column-top-margin'     ><style type=\"text\/css\" data-created_by=\"avia_inline_auto\" id=\"style-css-av-2ot5dt-8fcf3a12a5ef34978c4a83faea05e3fa\">\n#top .av_textblock_section.av-2ot5dt-8fcf3a12a5ef34978c4a83faea05e3fa .avia_textblock{\ncolor:#000000;\n}\n<\/style>\n<section  class='av_textblock_section av-2ot5dt-8fcf3a12a5ef34978c4a83faea05e3fa '  ><div class='avia_textblock av_inherit_color' ><h3>APOYO EN LA OFICINA<\/h3>\n<p>Requiere asistencia a una sesi\u00f3n de orientaci\u00f3n. Ayude al personal de STESA con tareas generales de oficina como contestar tel\u00e9fonos, archivar, mandar correos, hacer mandados, fotocopiar, reciclar, distribuir volantes, trabajar en la computadora, etc.<\/p>\n<\/div><\/section><\/div>\n\n<style type=\"text\/css\" data-created_by=\"avia_inline_auto\" id=\"style-css-av-2lah75-9b70e8785075f93cadbeef2d2cf8fe0a\">\n.flex_column.av-2lah75-9b70e8785075f93cadbeef2d2cf8fe0a{\n-webkit-border-radius:0px 0px 0px 0px;\n-moz-border-radius:0px 0px 0px 0px;\nborder-radius:0px 0px 0px 0px;\npadding:0px 0px 0px 0px;\n}\n<\/style>\n<div  class='flex_column av-2lah75-9b70e8785075f93cadbeef2d2cf8fe0a av_one_half  avia-builder-el-13  el_after_av_one_half  el_before_av_one_half  first flex_column_div av-zero-column-padding  column-top-margin'     ><style type=\"text\/css\" data-created_by=\"avia_inline_auto\" id=\"style-css-av-2en1ll-1ee92a2d79ef72ae3fa45a094a9a1be9\">\n#top .av_textblock_section.av-2en1ll-1ee92a2d79ef72ae3fa45a094a9a1be9 .avia_textblock{\ncolor:#000000;\n}\n<\/style>\n<section  class='av_textblock_section av-2en1ll-1ee92a2d79ef72ae3fa45a094a9a1be9 '  ><div class='avia_textblock av_inherit_color' ><h3>RECAUDACI\u00d3N DE FONDOS<\/h3>\n<p>STESA recauda casi el 50% de su presupuesto anual. Se necesita ayuda para escribir solicitudes de beca y subvenciones, planear eventos, hacer solicitudes directas a donantes, organizar recepciones para recaudar fondos, con donaci\u00f3n de bienes y solicitud de fondos por correo.<\/p>\n<\/div><\/section><\/div>\n\n<style type=\"text\/css\" data-created_by=\"avia_inline_auto\" id=\"style-css-av-28406h-f7594f1db95d3afc5cd3f12693c799a3\">\n.flex_column.av-28406h-f7594f1db95d3afc5cd3f12693c799a3{\n-webkit-border-radius:0px 0px 0px 0px;\n-moz-border-radius:0px 0px 0px 0px;\nborder-radius:0px 0px 0px 0px;\npadding:0px 0px 0px 0px;\n}\n<\/style>\n<div  class='flex_column av-28406h-f7594f1db95d3afc5cd3f12693c799a3 av_one_half  avia-builder-el-15  el_after_av_one_half  el_before_av_section  avia-builder-el-last  flex_column_div av-zero-column-padding  column-top-margin'     ><style type=\"text\/css\" data-created_by=\"avia_inline_auto\" id=\"style-css-av-218j89-b02deaba4636ecf686ede7a951dbea18\">\n#top .av_textblock_section.av-218j89-b02deaba4636ecf686ede7a951dbea18 .avia_textblock{\ncolor:#000000;\n}\n<\/style>\n<section  class='av_textblock_section av-218j89-b02deaba4636ecf686ede7a951dbea18 '  ><div class='avia_textblock av_inherit_color' ><h3>PERSONAL PARA NUESTRO BOLET\u00cdN INFORMATIVO<\/h3>\n<p>Ay\u00fadenos a producir el bolet\u00edn informativo de STESA <em>Outcry!<\/em> haciendo investigaci\u00f3n, escribiendo, editando, haciendo el formato y dise\u00f1o.<\/p>\n<\/div><\/section><\/div>\n<\/div><\/div><\/div><!-- close content main div --><\/div><\/div><div id='volunteer_form_1'  class='avia-section av-1x7tcp-48a3d42af00471484c04749c867470cf main_color avia-section-large avia-no-border-styling  avia-builder-el-17  el_after_av_one_half  avia-builder-el-last  avia-bg-style-scroll container_wrap sidebar_right'  ><div class='container av-section-cont-open' ><div class='template-page content  av-content-small alpha units'><div class='post-entry post-entry-type-page post-entry-1477'><div class='entry-content-wrapper clearfix'>\n\n<style type=\"text\/css\" data-created_by=\"avia_inline_auto\" id=\"style-css-av-1t1keh-7979f44a3e657542360276ade51eead2\">\n.flex_column.av-1t1keh-7979f44a3e657542360276ade51eead2{\n-webkit-border-radius:0px 0px 0px 0px;\n-moz-border-radius:0px 0px 0px 0px;\nborder-radius:0px 0px 0px 0px;\npadding:0px 0px 0px 0px;\n}\n<\/style>\n<div  class='flex_column av-1t1keh-7979f44a3e657542360276ade51eead2 av_one_full  avia-builder-el-18  avia-builder-el-no-sibling  first flex_column_div av-zero-column-padding  '     ><p>\n<style type=\"text\/css\" data-created_by=\"avia_inline_auto\" id=\"style-css-av-1l6bn5-e6d29a05137f7925d6921cb83bf6f3ff\">\n#top .av-special-heading.av-1l6bn5-e6d29a05137f7925d6921cb83bf6f3ff{\npadding-bottom:30px;\nfont-size:28px;\n}\nbody .av-special-heading.av-1l6bn5-e6d29a05137f7925d6921cb83bf6f3ff .av-special-heading-tag .heading-char{\nfont-size:25px;\n}\n#top #wrap_all .av-special-heading.av-1l6bn5-e6d29a05137f7925d6921cb83bf6f3ff .av-special-heading-tag{\nfont-size:28px;\n}\n.av-special-heading.av-1l6bn5-e6d29a05137f7925d6921cb83bf6f3ff .av-subheading{\nfont-size:15px;\n}\n\n@media only screen and (min-width: 480px) and (max-width: 767px){ \n#top #wrap_all .av-special-heading.av-1l6bn5-e6d29a05137f7925d6921cb83bf6f3ff .av-special-heading-tag{\nfont-size:0.8em;\n}\n}\n\n@media only screen and (max-width: 479px){ \n#top #wrap_all .av-special-heading.av-1l6bn5-e6d29a05137f7925d6921cb83bf6f3ff .av-special-heading-tag{\nfont-size:0.8em;\n}\n}\n<\/style>\n<div  class='av-special-heading av-1l6bn5-e6d29a05137f7925d6921cb83bf6f3ff av-special-heading-h3 blockquote modern-quote modern-centered  avia-builder-el-19  el_before_av_contact  avia-builder-el-first  av-inherit-size'><h3 class='av-special-heading-tag'  >FORMULARIO DE INTERES PARA SER VOLUNTARIO<\/h3><div class=\"special-heading-border\"><div class=\"special-heading-inner-border\"><\/div><\/div><\/div><br \/>\n<form action=\"https:\/\/sbstesa.org\/es\/volunteer\/\" method=\"post\" data-fields-with-error=\"Found errors in the following field(s):\" class=\"avia_ajax_form av-form-labels-visible   avia-builder-el-20  el_after_av_heading  avia-builder-el-last   \" data-avia-form-id=\"1\" data-avia-redirect='' ><fieldset><p class='  first_form  form_element form_element_half' id='element_avia_1_1'><label for=\"avia_1_1\">Name <abbr class=\"required\" title=\"requerido\">*<\/abbr><\/label> <input name=\"avia_1_1\" class=\"text_input is_empty\" type=\"text\" id=\"avia_1_1\" value=\"\" \/><\/p><p class='  form_element form_element_half' id='element_avia_2_1'><label for=\"avia_2_1\">Email <abbr class=\"required\" title=\"requerido\">*<\/abbr><\/label> <input name=\"avia_2_1\" class=\"text_input is_email\" type=\"text\" id=\"avia_2_1\" value=\"\" \/><\/p><p class='  first_form  form_element form_element_half' id='element_avia_3_1'><label for=\"avia_3_1\">Subject <abbr class=\"required\" title=\"requerido\">*<\/abbr><\/label> <input name=\"avia_3_1\" class=\"text_input is_empty\" type=\"text\" id=\"avia_3_1\" value=\"\" \/><\/p><p class='  form_element form_element_half' id='element_avia_4_1'><label for=\"avia_4_1\">Phone <abbr class=\"required\" title=\"requerido\">*<\/abbr><\/label> <input name=\"avia_4_1\" class=\"text_input is_phone\" type=\"text\" id=\"avia_4_1\" value=\"\" \/><\/p><p class='  first_form  form_element form_fullwidth' id='element_avia_5_1'><label for=\"avia_5_1\">Address<\/label> <input name=\"avia_5_1\" class=\"text_input \" type=\"text\" id=\"avia_5_1\" value=\"\" \/><\/p><p class='  first_form  form_element form_fullwidth' id='element_avia_6_1'><label for=\"avia_6_1\">Are you interested in: <abbr class=\"required\" title=\"requerido\">*<\/abbr><\/label><select multiple name=\"avia_6_1\" class=\"select is_empty av-multi-select\" id=\"avia_6_1\"><option   value='Crisis Intervention'>Crisis Intervention<\/option><option   value='Speakers Bureau'>Speakers Bureau<\/option><option   value='Sexual Assault Awareness'>Sexual Assault Awareness<\/option><option   value='Counseling Training'>Counseling Training<\/option><option   value='Office Support'>Office Support<\/option><option   value='Fundraising'>Fundraising<\/option><option   value='Newsletter'>Newsletter<\/option><\/select><\/p><p class='  first_form  form_element form_fullwidth av-last-visible-form-element' id='element_avia_7_1'><label for=\"avia_7_1\" class=\"textare_label hidden textare_label_avia_7_1\">Message <abbr class=\"required\" title=\"requerido\">*<\/abbr><\/label><textarea  name=\"avia_7_1\" class=\"text_area is_empty\" cols=\"40\" rows=\"7\" id=\"avia_7_1\" ><\/textarea><\/p><p class=\"hidden\"><input type=\"text\" name=\"avia_8_1\" class=\"hidden \" id=\"avia_8_1\" value=\"\" \/><\/p><p class=\"form_element \"><input type=\"hidden\" value=\"1\" name=\"avia_generated_form1\" \/><input type=\"submit\" value=\"Submit\" class=\"button\"  data-sending-label=\"Enviando\"\/><\/p><\/fieldset><\/form><div id=\"ajaxresponse_1\" class=\"ajaxresponse ajaxresponse_1 hidden\"><\/div><\/p><\/div>\n<\/div><\/div><\/div><!-- close content main div --><\/div><\/div><div id='after_section_1'  class='main_color av_default_container_wrap container_wrap sidebar_right'  ><div class='container av-section-cont-open' ><div class='template-page content  av-content-small alpha units'><div class='post-entry post-entry-type-page post-entry-1477'><div class='entry-content-wrapper clearfix'>\n","protected":false},"excerpt":{"rendered":"","protected":false},"author":1,"featured_media":0,"parent":0,"menu_order":0,"comment_status":"closed","ping_status":"closed","template":"","meta":{"_price":"","_stock":"","_tribe_ticket_header":"","_tribe_default_ticket_provider":"","_ticket_start_date":"","_ticket_end_date":"","_tribe_ticket_show_description":"","_tribe_ticket_show_not_going":false,"_tribe_ticket_use_global_stock":"","_tribe_ticket_global_stock_level":"","_global_stock_mode":"","_global_stock_cap":"","_tribe_rsvp_for_event":"","_tribe_ticket_going_count":"","_tribe_ticket_not_going_count":"","_tribe_tickets_list":"[]","_tribe_ticket_has_attendee_info_fields":false,"footnotes":"","_tec_slr_enabled":"","_tec_slr_layout":""},"class_list":["post-1477","page","type-page","status-publish","hentry"],"ticketed":false,"_links":{"self":[{"href":"https:\/\/sbstesa.org\/es\/wp-json\/wp\/v2\/pages\/1477","targetHints":{"allow":["GET"]}}],"collection":[{"href":"https:\/\/sbstesa.org\/es\/wp-json\/wp\/v2\/pages"}],"about":[{"href":"https:\/\/sbstesa.org\/es\/wp-json\/wp\/v2\/types\/page"}],"author":[{"embeddable":true,"href":"https:\/\/sbstesa.org\/es\/wp-json\/wp\/v2\/users\/1"}],"replies":[{"embeddable":true,"href":"https:\/\/sbstesa.org\/es\/wp-json\/wp\/v2\/comments?post=1477"}],"version-history":[{"count":10,"href":"https:\/\/sbstesa.org\/es\/wp-json\/wp\/v2\/pages\/1477\/revisions"}],"predecessor-version":[{"id":5724,"href":"https:\/\/sbstesa.org\/es\/wp-json\/wp\/v2\/pages\/1477\/revisions\/5724"}],"wp:attachment":[{"href":"https:\/\/sbstesa.org\/es\/wp-json\/wp\/v2\/media?parent=1477"}],"curies":[{"name":"wp","href":"https:\/\/api.w.org\/{rel}","templated":true}]}}