{"id":1900,"date":"2020-01-26T23:11:44","date_gmt":"2020-01-26T23:11:44","guid":{"rendered":"https:\/\/sbstesa.org\/ayude-a-eliminar-la-violencia-sexual\/"},"modified":"2020-01-26T23:11:44","modified_gmt":"2020-01-26T23:11:44","slug":"ayude-a-eliminar-la-violencia-sexual","status":"publish","type":"page","link":"https:\/\/sbstesa.org\/es\/ayude-a-eliminar-la-violencia-sexual\/","title":{"rendered":"Ayude a Eliminar la Violencia Sexual"},"content":{"rendered":"\n<style type=\"text\/css\" data-created_by=\"avia_inline_auto\" id=\"style-css-av-pyahv-05c84078217aaeb0f36c15e32778dcb2\">\n.flex_column.av-pyahv-05c84078217aaeb0f36c15e32778dcb2{\n-webkit-border-radius:0px 0px 0px 0px;\n-moz-border-radius:0px 0px 0px 0px;\nborder-radius:0px 0px 0px 0px;\npadding:0px 0px 0px 0px;\n}\n<\/style>\n<div  class='flex_column av-pyahv-05c84078217aaeb0f36c15e32778dcb2 av_one_fourth  avia-builder-el-0  el_before_av_three_fourth  avia-builder-el-first  first flex_column_div av-zero-column-padding  '     ><style type=\"text\/css\" data-created_by=\"avia_inline_auto\" id=\"style-css-av-lnsrn-c94d95b7d848154fb34fdd2d5ac26c21\">\n.avia-image-container.av-lnsrn-c94d95b7d848154fb34fdd2d5ac26c21 img.avia_image{\nbox-shadow:none;\n}\n.avia-image-container.av-lnsrn-c94d95b7d848154fb34fdd2d5ac26c21 .av-image-caption-overlay-center{\ncolor:#ffffff;\n}\n<\/style>\n<div  class='avia-image-container av-lnsrn-c94d95b7d848154fb34fdd2d5ac26c21 av-styling- avia-align-center  avia-builder-el-1  avia-builder-el-no-sibling '  ><div class=\"avia-image-container-inner\"><div class=\"avia-image-overlay-wrap\"><img decoding=\"async\" class='wp-image-1395 avia-img-lazy-loading-not-1395 avia_image ' src=\"https:\/\/sbstesa.org\/wp-content\/uploads\/2018\/05\/help_end_sexual_violence.jpg\" alt='' title='help_end_sexual_violence'  height=\"342\" width=\"461\" srcset=\"https:\/\/sbstesa.org\/wp-content\/uploads\/2018\/05\/help_end_sexual_violence.jpg 461w, https:\/\/sbstesa.org\/wp-content\/uploads\/2018\/05\/help_end_sexual_violence-300x223.jpg 300w, https:\/\/sbstesa.org\/wp-content\/uploads\/2018\/05\/help_end_sexual_violence-450x334.jpg 450w\" sizes=\"(max-width: 461px) 100vw, 461px\" \/><\/div><\/div><\/div><\/div>\n\n<style type=\"text\/css\" data-created_by=\"avia_inline_auto\" id=\"style-css-av-cuzob-0dbfe5372cde4e66fbb425576a8f3f6b\">\n.flex_column.av-cuzob-0dbfe5372cde4e66fbb425576a8f3f6b{\n-webkit-border-radius:0px 0px 0px 0px;\n-moz-border-radius:0px 0px 0px 0px;\nborder-radius:0px 0px 0px 0px;\npadding:0px 0px 0px 0px;\n}\n<\/style>\n<div  class='flex_column av-cuzob-0dbfe5372cde4e66fbb425576a8f3f6b av_three_fourth  avia-builder-el-2  el_after_av_one_fourth  avia-builder-el-last  flex_column_div av-zero-column-padding  '     ><section  class='av_textblock_section av-98eab-f99c8cd79c547c4403cfb4e650d7dfc4 '  ><div class='avia_textblock' ><h1>AY\u00daDENOS A ELIMINAR LA VIOLENCIA SEXUAL<\/h1>\n<p>El abuso sexual es un problema arraigado en las expectativas sociales en cuanto al g\u00e9nero, poder y sexualidad. Para eliminar este tipo de violencia, debemos examinar las maneras en que nuestro propio comportamiento refuerza expectativas da\u00f1inas. Solamente podemos mover a nuestra sociedad de una cultura de violaci\u00f3n a una cultura de consentimiento al observar m\u00e1s detalladamente nuestras creencias y prejuicios.<\/p>\n<p><strong>Autoaprendizaje<\/strong><\/p>\n<p>STESA ha recopilado una colecci\u00f3n de videos, art\u00edculos, libros y otros recursos para ayudar a los miembros de la comunidad interesados a convertirse en aliados en la lucha para eliminar el abuso sexual. \u00a1Visite nuestra p\u00e1gina de estudio r\u00e1pido para aprender m\u00e1s!<\/p>\n<p><strong>Solicite un educador: <\/strong><\/p>\n<p>STESA realiza presentaciones educativas biling\u00fces gratis para escuelas locales y grupos de la comunidad. Estas presentaciones est\u00e1n dise\u00f1adas seg\u00fan el inter\u00e9s del grupo e incluyen una discusi\u00f3n sobre el consentimiento, relaciones saludables, intervenci\u00f3n de testigos y apoyo a los sobrevivientes del abuso sexual. \u00a1P\u00f3ngase en contacto con nosotros para m\u00e1s informaci\u00f3n!<\/p>\n<p><strong>Ofrezca una clase de defensa personal: <\/strong><\/p>\n<p>Nuestro taller se enfoca en ayudar a los participantes a encontrar su voz y crear confianza para establecer l\u00edmites personales. Los participantes aprenden y practican una variedad de t\u00e9cnicas verbales y f\u00edsicas de auto-defensa. Se ofrece todo el equipo.<\/p>\n<p><strong>Prevenga el acoso sexual en el lugar de trabajo: <\/strong><\/p>\n<p>STESA ofrece capacitaci\u00f3n sobre la prevenci\u00f3n del acoso sexual a empresas locales. Nuestro curso de dos horas incluye ejercicios interactivos y cumple con la ley AB1825 de California. \u00a1P\u00f3ngase en contacto con nosotros para organizar una capacitaci\u00f3n para sus empleados!<\/p>\n<\/div><\/section><\/div>\n","protected":false},"excerpt":{"rendered":"","protected":false},"author":1,"featured_media":0,"parent":0,"menu_order":0,"comment_status":"closed","ping_status":"closed","template":"","meta":{"_price":"","_stock":"","_tribe_ticket_header":"","_tribe_default_ticket_provider":"","_ticket_start_date":"","_ticket_end_date":"","_tribe_ticket_show_description":"","_tribe_ticket_show_not_going":false,"_tribe_ticket_use_global_stock":"","_tribe_ticket_global_stock_level":"","_global_stock_mode":"","_global_stock_cap":"","_tribe_rsvp_for_event":"","_tribe_ticket_going_count":"","_tribe_ticket_not_going_count":"","_tribe_tickets_list":"[]","_tribe_ticket_has_attendee_info_fields":false,"footnotes":"","_tec_slr_enabled":"","_tec_slr_layout":""},"class_list":["post-1900","page","type-page","status-publish","hentry"],"ticketed":false,"_links":{"self":[{"href":"https:\/\/sbstesa.org\/es\/wp-json\/wp\/v2\/pages\/1900","targetHints":{"allow":["GET"]}}],"collection":[{"href":"https:\/\/sbstesa.org\/es\/wp-json\/wp\/v2\/pages"}],"about":[{"href":"https:\/\/sbstesa.org\/es\/wp-json\/wp\/v2\/types\/page"}],"author":[{"embeddable":true,"href":"https:\/\/sbstesa.org\/es\/wp-json\/wp\/v2\/users\/1"}],"replies":[{"embeddable":true,"href":"https:\/\/sbstesa.org\/es\/wp-json\/wp\/v2\/comments?post=1900"}],"version-history":[{"count":2,"href":"https:\/\/sbstesa.org\/es\/wp-json\/wp\/v2\/pages\/1900\/revisions"}],"predecessor-version":[{"id":5584,"href":"https:\/\/sbstesa.org\/es\/wp-json\/wp\/v2\/pages\/1900\/revisions\/5584"}],"wp:attachment":[{"href":"https:\/\/sbstesa.org\/es\/wp-json\/wp\/v2\/media?parent=1900"}],"curies":[{"name":"wp","href":"https:\/\/api.w.org\/{rel}","templated":true}]}}