{"id":5826,"date":"2017-09-14T13:40:26","date_gmt":"2017-09-14T13:40:26","guid":{"rendered":"https:\/\/sbstesa.org\/donar\/"},"modified":"2023-10-31T23:23:32","modified_gmt":"2023-10-31T23:23:32","slug":"donate","status":"publish","type":"page","link":"https:\/\/sbstesa.org\/es\/donate\/","title":{"rendered":"Donar"},"content":{"rendered":"\n<style type=\"text\/css\" data-created_by=\"avia_inline_auto\" id=\"style-css-av-2chwv-fbf36f047944ed3b67c0d777c28a7754\">\n.flex_column.av-2chwv-fbf36f047944ed3b67c0d777c28a7754{\n-webkit-border-radius:0px 0px 0px 0px;\n-moz-border-radius:0px 0px 0px 0px;\nborder-radius:0px 0px 0px 0px;\npadding:0px 0px 0px 0px;\nbackground-color:#ffffff;\n}\n<\/style>\n<div  class='flex_column av-2chwv-fbf36f047944ed3b67c0d777c28a7754 av_one_full  avia-builder-el-0  el_before_av_one_full  avia-builder-el-first  first flex_column_div av-zero-column-padding  '     ><section  class='av_textblock_section av-1h5fv-ebdc8ddc3384e3096064c274b04e0508 '  ><div class='avia_textblock' ><div class=\"donate-upper-sec\">\n<div class=\"flex_column av_one_full third-sec flex_column_div av-zero-column-padding first avia-builder-el-4 el_after_av_one_full el_before_av_one_full column-top-margin\" style=\"border-radius: 0px;\">\n<section class=\"av_textblock_section\">\n<div class=\"avia_textblock av_inherit_color\" style=\"color: #000000;\">\n<div class=\"gray_background\">\n<h3 style=\"color: black;\" align=\"center\">Haz una donaci\u00f3n \u00fanica<\/h3>\n<div class=\"donate_amount\">\n<ul>\n<li><a href=\"https:\/\/www.paypal.com\/cgi-bin\/webscr?cmd=_s-xclick&amp;hosted_button_id=8HQB8S4H2HT54\">$50<\/a><\/li>\n<li><a href=\"https:\/\/www.paypal.com\/cgi-bin\/webscr?cmd=_s-xclick&amp;hosted_button_id=2FMPEAG5EU2NA\">$100<\/a><\/li>\n<li><a href=\"https:\/\/www.paypal.com\/cgi-bin\/webscr?cmd=_s-xclick&amp;hosted_button_id=Q7RDQYSHVEH3W\">$150<\/a><\/li>\n<\/ul>\n<ul>\n<li><a href=\"https:\/\/www.paypal.com\/cgi-bin\/webscr?cmd=_s-xclick&amp;hosted_button_id=JE5HDTNBEQCDY\">$200<\/a><\/li>\n<li><a href=\"https:\/\/www.paypal.com\/cgi-bin\/webscr?cmd=_s-xclick&amp;hosted_button_id=9HGQZ8LSALHNG\">$250<\/a><\/li>\n<li><a href=\"https:\/\/www.paypal.com\/cgi-bin\/webscr?cmd=_s-xclick&amp;hosted_button_id=DEK43EP9ZMNLJ\">$500<\/a><\/li>\n<\/ul>\n<ul>\n<li><\/li>\n<li><a href=\"https:\/\/www.paypal.com\/donate\/?hosted_button_id=LF2UWQQA57NTW\">OTRO<\/a><\/li>\n<li><\/li>\n<\/ul>\n<\/div>\n<\/div>\n<\/div>\n<\/section>\n<\/div>\n<\/div>\n<\/div><\/section><\/div><div  class='flex_column av-av_one_full-048119fdb636ea3d70edc0b975509c6c av_one_full  avia-builder-el-2  el_after_av_one_full  el_before_av_textblock  first flex_column_div  column-top-margin'     ><\/div><\/p>\n<section  class='av_textblock_section av-t087-eff128e4aed2fc54256e8d1eeab27e25 '  ><div class='avia_textblock' ><section class=\"av_textblock_section\">\n<div class=\"avia_textblock av_inherit_color\" style=\"color: #000000;\">\n<h3 style=\"color: black;\" align=\"center\">OTRAS FORMAS DE AYUDAR<\/h3>\n<ul class=\"other_ways\">\n<li>\n<h4>Regalo Legado<\/h4>\n<ul>\n<li>Contacte a STESA para dejar un legado:\n<ol>\n<li>Nombre STESA en su testamento<\/li>\n<li>Crear un fideicomiso caritativo<\/li>\n<li>Donar una p\u00f3liza de seguro de vida<\/li>\n<li>Donar propiedad o bienes ra\u00edces<\/li>\n<\/ol>\n<\/li>\n<\/ul>\n<\/li>\n<\/ul>\n<ul class=\"other_ways\">\n<li>\n<h4>Donaci\u00f3n de acciones o valores<\/h4>\n<ul>\n<li>Haga una donaci\u00f3n con una donaci\u00f3n de acciones u otros valores: n\u00famero de identificaci\u00f3n fiscal federal de STESA n.\u00ba 95-2929455\n<ul>\n<li>Ubicaci\u00f3n de la cuenta: Servicios financieros de UBS<\/li>\n<li>Cuenta STESA #JG-15104-69<\/li>\n<li>DTC: 0221<\/li>\n<li>1285 Avenida de las Am\u00e9ricas, piso 15, Nueva York, NY 10019<\/li>\n<li>Zac Mazur: <a href=\"mailto:Zachary.Mazur@UBS.com\">Mazur@UBS.com<\/a>; 212-713-9504<\/li>\n<\/ul>\n<\/li>\n<\/ul>\n<\/li>\n<li>\n<h4>Programas de emparejamiento de empleadores<\/h4>\n<p>Iguale su donaci\u00f3n a trav\u00e9s de su empleador. Qu\u00e9 maravillosa manera de aumentar su donaci\u00f3n y su impacto. Habla con Elsa Granados, Directora Ejecutiva y d\u00e9jale saber qu\u00e9 pasos tomar para igualar tu donaci\u00f3n a trav\u00e9s de tu empleador.<\/li>\n<li>\n<h4>Hacer un regalo en honor a alguien o en memoria de alguien<\/h4>\n<\/li>\n<li>\n<h4>Coordinar un evento a beneficio de STESA<\/h4>\n<\/li>\n<li>\n<h4>Patrocina tu celebraci\u00f3n de cumplea\u00f1os a beneficio de STESA<\/h4>\n<\/li>\n<\/ul>\n<h4 align=\"center\"><\/h4>\n<p class=\"center\" align=\"center\"><span style=\"font-size: 18px;\">Si tiene alguna pregunta, por favor <a href=\"https:\/\/sbstesa.org\/es\/contacto\/\">Contacta con nosotras<\/a><\/span><\/p>\n<\/div>\n<\/section>\n<\/div><\/section>\n","protected":false},"excerpt":{"rendered":"","protected":false},"author":1,"featured_media":0,"parent":0,"menu_order":0,"comment_status":"closed","ping_status":"closed","template":"","meta":{"_price":"","_stock":"","_tribe_ticket_header":"","_tribe_default_ticket_provider":"","_ticket_start_date":"","_ticket_end_date":"","_tribe_ticket_show_description":"","_tribe_ticket_show_not_going":false,"_tribe_ticket_use_global_stock":"","_tribe_ticket_global_stock_level":"","_global_stock_mode":"","_global_stock_cap":"","_tribe_rsvp_for_event":"","_tribe_ticket_going_count":"","_tribe_ticket_not_going_count":"","_tribe_tickets_list":"[]","_tribe_ticket_has_attendee_info_fields":false,"footnotes":"","_tec_slr_enabled":"","_tec_slr_layout":""},"class_list":["post-5826","page","type-page","status-publish","hentry"],"ticketed":false,"_links":{"self":[{"href":"https:\/\/sbstesa.org\/es\/wp-json\/wp\/v2\/pages\/5826","targetHints":{"allow":["GET"]}}],"collection":[{"href":"https:\/\/sbstesa.org\/es\/wp-json\/wp\/v2\/pages"}],"about":[{"href":"https:\/\/sbstesa.org\/es\/wp-json\/wp\/v2\/types\/page"}],"author":[{"embeddable":true,"href":"https:\/\/sbstesa.org\/es\/wp-json\/wp\/v2\/users\/1"}],"replies":[{"embeddable":true,"href":"https:\/\/sbstesa.org\/es\/wp-json\/wp\/v2\/comments?post=5826"}],"version-history":[{"count":53,"href":"https:\/\/sbstesa.org\/es\/wp-json\/wp\/v2\/pages\/5826\/revisions"}],"predecessor-version":[{"id":6985,"href":"https:\/\/sbstesa.org\/es\/wp-json\/wp\/v2\/pages\/5826\/revisions\/6985"}],"wp:attachment":[{"href":"https:\/\/sbstesa.org\/es\/wp-json\/wp\/v2\/media?parent=5826"}],"curies":[{"name":"wp","href":"https:\/\/api.w.org\/{rel}","templated":true}]}}